{"id":1988,"date":"2025-04-16T01:04:52","date_gmt":"2025-04-16T01:04:52","guid":{"rendered":"https:\/\/vianaturaorganics.com\/glicinato-de-magnesio-200-mg\/"},"modified":"2025-04-25T03:56:46","modified_gmt":"2025-04-25T03:56:46","slug":"glicinato-de-magnesio-200-mg","status":"publish","type":"page","link":"https:\/\/vianaturaorganics.com\/es\/glicinato-de-magnesio-200-mg\/","title":{"rendered":"Glicinato de magnesio 200 mg"},"content":{"rendered":"<div class=\"vc_row wpb_row vc_row-fluid vc_custom_1745551917141 eltdf-row-type-row\" style=\"\"><div class=\"wpb_column vc_column_container vc_col-sm-6 vc_hidden-sm vc_hidden-xs\"><div class=\"vc_column-inner vc_custom_1620125773829\"><div class=\"wpb_wrapper\"><div class=\"eltdf-section-title-holder\" style=\"text-align: left\">\n\t\t\t<h3 class=\"eltdf-st-title\" >\n\t\t\t<span>Magnesium Glycinate 200 mg<\/span>\n\t\t<\/h3>\n\t\t<\/div>\n\t<div class=\"wpb_text_column wpb_content_element \" >\n\t\t<div class=\"wpb_wrapper\">\n\t\t\t<p>El magnesio es un mineral esencial que favorece m\u00e1s de 300 reacciones bioqu\u00edmicas en el organismo. <strong data-start=\"369\" data-end=\"399\">El glicinato de magnesio 200 mg<\/strong> es una forma de magnesio muy absorbible y suave, especialmente conocida por sus efectos calmantes, su comodidad digestiva y su relajaci\u00f3n muscular. Es ideal para quienes buscan mejorar la calidad del sue\u00f1o, reducir el estr\u00e9s y favorecer el bienestar general sin efectos gastrointestinales agresivos.<\/p>\n\n\t\t<\/div>\n\t<\/div>\n<div class=\"vc_row wpb_row vc_inner vc_row-fluid vc_custom_1745552750305\"><div class=\"wpb_column vc_column_container vc_col-sm-12\"><div class=\"vc_column-inner vc_custom_1744754780307\"><div class=\"wpb_wrapper\"><div class=\"vc_btn3-container  btn_size vc_btn3-left\" ><a class=\"vc_general vc_btn3 vc_btn3-size-lg vc_btn3-shape-round vc_btn3-style-modern vc_btn3-color-warning\" href=\"https:\/\/vianaturaorganics.com\/es\/confirmar\/\" title=\"Pago\" target=\"_blank\">Comprar ahora<\/a><\/div><\/div><\/div><\/div><\/div><\/div><\/div><\/div><div class=\"wpb_column vc_column_container vc_col-sm-6 vc_hidden-sm vc_hidden-xs\"><div class=\"vc_column-inner\"><div class=\"wpb_wrapper\">\n\t<div  class=\"wpb_single_image wpb_content_element vc_align_left\">\n\t\t\n\t\t<figure class=\"wpb_wrapper vc_figure\">\n\t\t\t<div class=\"vc_single_image-wrapper   vc_box_border_grey\"><img loading=\"lazy\" decoding=\"async\" width=\"1243\" height=\"1500\" src=\"https:\/\/vianaturaorganics.com\/wp-content\/uploads\/2025\/04\/71EskQLJ3wL._AC_SL1500_.jpg\" class=\"vc_single_image-img attachment-full\" alt=\"\" srcset=\"https:\/\/vianaturaorganics.com\/wp-content\/uploads\/2025\/04\/71EskQLJ3wL._AC_SL1500_.jpg 1243w, https:\/\/vianaturaorganics.com\/wp-content\/uploads\/2025\/04\/71EskQLJ3wL._AC_SL1500_-249x300.jpg 249w, https:\/\/vianaturaorganics.com\/wp-content\/uploads\/2025\/04\/71EskQLJ3wL._AC_SL1500_-849x1024.jpg 849w, https:\/\/vianaturaorganics.com\/wp-content\/uploads\/2025\/04\/71EskQLJ3wL._AC_SL1500_-768x927.jpg 768w, https:\/\/vianaturaorganics.com\/wp-content\/uploads\/2025\/04\/71EskQLJ3wL._AC_SL1500_-600x724.jpg 600w\" sizes=\"auto, (max-width: 1243px) 100vw, 1243px\" \/><\/div>\n\t\t<\/figure>\n\t<\/div>\n<\/div><\/div><\/div><\/div><div class=\"vc_row wpb_row vc_row-fluid vc_custom_1745551935003 eltdf-row-type-row\" style=\"\"><div class=\"wpb_column vc_column_container vc_col-sm-6 vc_hidden-lg vc_hidden-md\"><div class=\"vc_column-inner vc_custom_1744756708825\"><div class=\"wpb_wrapper\">\n\t<div  class=\"wpb_single_image wpb_content_element vc_align_left\">\n\t\t\n\t\t<figure class=\"wpb_wrapper vc_figure\">\n\t\t\t<div class=\"vc_single_image-wrapper   vc_box_border_grey\"><img loading=\"lazy\" decoding=\"async\" width=\"1243\" height=\"1500\" src=\"https:\/\/vianaturaorganics.com\/wp-content\/uploads\/2025\/04\/71EskQLJ3wL._AC_SL1500_.jpg\" class=\"vc_single_image-img attachment-full\" alt=\"\" srcset=\"https:\/\/vianaturaorganics.com\/wp-content\/uploads\/2025\/04\/71EskQLJ3wL._AC_SL1500_.jpg 1243w, https:\/\/vianaturaorganics.com\/wp-content\/uploads\/2025\/04\/71EskQLJ3wL._AC_SL1500_-249x300.jpg 249w, https:\/\/vianaturaorganics.com\/wp-content\/uploads\/2025\/04\/71EskQLJ3wL._AC_SL1500_-849x1024.jpg 849w, https:\/\/vianaturaorganics.com\/wp-content\/uploads\/2025\/04\/71EskQLJ3wL._AC_SL1500_-768x927.jpg 768w, https:\/\/vianaturaorganics.com\/wp-content\/uploads\/2025\/04\/71EskQLJ3wL._AC_SL1500_-600x724.jpg 600w\" sizes=\"auto, (max-width: 1243px) 100vw, 1243px\" \/><\/div>\n\t\t<\/figure>\n\t<\/div>\n<\/div><\/div><\/div><div class=\"wpb_column vc_column_container vc_col-sm-6 vc_hidden-lg vc_hidden-md\"><div class=\"vc_column-inner vc_custom_1744755915534\"><div class=\"wpb_wrapper\"><div class=\"eltdf-section-title-holder\" style=\"text-align: left\">\n\t\t\t<h3 class=\"eltdf-st-title\" >\n\t\t\t<span>Magnesium Glycinate 200 mg<\/span>\n\t\t<\/h3>\n\t\t<\/div>\n\t<div class=\"wpb_text_column wpb_content_element \" >\n\t\t<div class=\"wpb_wrapper\">\n\t\t\t<p>El magnesio es un mineral esencial que favorece m\u00e1s de 300 reacciones bioqu\u00edmicas en el organismo. <strong data-start=\"369\" data-end=\"399\">El glicinato de magnesio 200 mg<\/strong> es una forma de magnesio muy absorbible y suave, especialmente conocida por sus efectos calmantes, su comodidad digestiva y su relajaci\u00f3n muscular. Es ideal para quienes buscan mejorar la calidad del sue\u00f1o, reducir el estr\u00e9s y favorecer el bienestar general sin efectos gastrointestinales agresivos.<\/p>\n\n\t\t<\/div>\n\t<\/div>\n<div class=\"vc_row wpb_row vc_inner vc_row-fluid\"><div class=\"wpb_column vc_column_container vc_col-sm-12\"><div class=\"vc_column-inner vc_custom_1744756920055\"><div class=\"wpb_wrapper\"><div class=\"vc_btn3-container  btn_size vc_btn3-left\" ><a class=\"vc_general vc_btn3 vc_btn3-size-lg vc_btn3-shape-round vc_btn3-style-modern vc_btn3-color-warning\" href=\"https:\/\/vianaturaorganics.com\/es\/confirmar\/\" title=\"Pago\" target=\"_blank\">Comprar ahora<\/a><\/div><\/div><\/div><\/div><\/div><\/div><\/div><\/div><\/div><div class=\"vc_row wpb_row vc_row-fluid eltdf-row-type-row\" style=\"\"><div class=\"wpb_column vc_column_container vc_col-sm-6 vc_hidden-sm vc_hidden-xs\"><div class=\"vc_column-inner vc_custom_1744755409848\"><div class=\"wpb_wrapper\">\n\t<div  class=\"wpb_single_image wpb_content_element vc_align_left\">\n\t\t\n\t\t<figure class=\"wpb_wrapper vc_figure\">\n\t\t\t<div class=\"vc_single_image-wrapper   vc_box_border_grey\"><img loading=\"lazy\" decoding=\"async\" data-vc-zoom=\"https:\/\/vianaturaorganics.com\/wp-content\/uploads\/2025\/04\/71y2S4LlUkL._AC_SL1500_-1024x992.jpg\" width=\"1500\" height=\"1453\" src=\"https:\/\/vianaturaorganics.com\/wp-content\/uploads\/2025\/04\/71y2S4LlUkL._AC_SL1500_.jpg\" class=\"vc_single_image-img attachment-full\" alt=\"\" srcset=\"https:\/\/vianaturaorganics.com\/wp-content\/uploads\/2025\/04\/71y2S4LlUkL._AC_SL1500_.jpg 1500w, https:\/\/vianaturaorganics.com\/wp-content\/uploads\/2025\/04\/71y2S4LlUkL._AC_SL1500_-300x291.jpg 300w, https:\/\/vianaturaorganics.com\/wp-content\/uploads\/2025\/04\/71y2S4LlUkL._AC_SL1500_-1024x992.jpg 1024w, https:\/\/vianaturaorganics.com\/wp-content\/uploads\/2025\/04\/71y2S4LlUkL._AC_SL1500_-768x744.jpg 768w, https:\/\/vianaturaorganics.com\/wp-content\/uploads\/2025\/04\/71y2S4LlUkL._AC_SL1500_-600x581.jpg 600w\" sizes=\"auto, (max-width: 1500px) 100vw, 1500px\" \/><\/div>\n\t\t<\/figure>\n\t<\/div>\n<\/div><\/div><\/div><div class=\"wpb_column vc_column_container vc_col-sm-6 vc_hidden-sm vc_hidden-xs\"><div class=\"vc_column-inner vc_custom_1744755425424\"><div class=\"wpb_wrapper\"><div class=\"eltdf-section-title-holder\" style=\"text-align: left\">\n\t\t\t<h3 class=\"eltdf-st-title\" >\n\t\t\t<span>Benefits of Magnesium Glycinate 200 mg<\/span>\n\t\t<\/h3>\n\t\t<\/div>\n\t<div class=\"wpb_text_column wpb_content_element \" >\n\t\t<div class=\"wpb_wrapper\">\n\t\t\t<p class=\"p1\" style=\"text-align: left;\"><span class=\"s1\">Los beneficios son numerosos y sorprendentes<\/span><\/p>\n<p class=\"\" data-start=\"719\" data-end=\"771\">\u2705 Favorece la <strong data-start=\"730\" data-end=\"744\">relajaci\u00f3n<\/strong> y reduce el estr\u00e9s diario<\/p>\n<p class=\"\" data-start=\"774\" data-end=\"827\">\u2705 Favorece <strong data-start=\"785\" data-end=\"809\">una mejor calidad del sue\u00f1o<\/strong> y el descanso<\/p>\n<p class=\"\" data-start=\"830\" data-end=\"885\">\u2705 Ayuda a aliviar <strong data-start=\"843\" data-end=\"883\">los calambres, la tensi\u00f3n y los dolores musculares<\/strong><\/p>\n<p class=\"\" data-start=\"888\" data-end=\"934\">\u2705 Ayuda a la <strong data-start=\"898\" data-end=\"932\">salud \u00f3sea y cardiovascular<\/strong><\/p>\n<p class=\"\" data-start=\"888\" data-end=\"934\">\u2705 Suave para el est\u00f3mago &#8211; sin efecto laxante<\/p>\n\n\t\t<\/div>\n\t<\/div>\n<\/div><\/div><\/div><\/div><div class=\"vc_row wpb_row vc_row-fluid eltdf-row-type-row\" style=\"\"><div class=\"wpb_column vc_column_container vc_col-sm-6 vc_hidden-lg vc_hidden-md\"><div class=\"vc_column-inner vc_custom_1744756936104\"><div class=\"wpb_wrapper\">\n\t<div  class=\"wpb_single_image wpb_content_element vc_align_left\">\n\t\t\n\t\t<figure class=\"wpb_wrapper vc_figure\">\n\t\t\t<div class=\"vc_single_image-wrapper   vc_box_border_grey\"><img loading=\"lazy\" decoding=\"async\" data-vc-zoom=\"https:\/\/vianaturaorganics.com\/wp-content\/uploads\/2025\/04\/71y2S4LlUkL._AC_SL1500_-1024x992.jpg\" width=\"1500\" height=\"1453\" src=\"https:\/\/vianaturaorganics.com\/wp-content\/uploads\/2025\/04\/71y2S4LlUkL._AC_SL1500_.jpg\" class=\"vc_single_image-img attachment-full\" alt=\"\" srcset=\"https:\/\/vianaturaorganics.com\/wp-content\/uploads\/2025\/04\/71y2S4LlUkL._AC_SL1500_.jpg 1500w, https:\/\/vianaturaorganics.com\/wp-content\/uploads\/2025\/04\/71y2S4LlUkL._AC_SL1500_-300x291.jpg 300w, https:\/\/vianaturaorganics.com\/wp-content\/uploads\/2025\/04\/71y2S4LlUkL._AC_SL1500_-1024x992.jpg 1024w, https:\/\/vianaturaorganics.com\/wp-content\/uploads\/2025\/04\/71y2S4LlUkL._AC_SL1500_-768x744.jpg 768w, https:\/\/vianaturaorganics.com\/wp-content\/uploads\/2025\/04\/71y2S4LlUkL._AC_SL1500_-600x581.jpg 600w\" sizes=\"auto, (max-width: 1500px) 100vw, 1500px\" \/><\/div>\n\t\t<\/figure>\n\t<\/div>\n<\/div><\/div><\/div><div class=\"wpb_column vc_column_container vc_col-sm-6 vc_hidden-lg vc_hidden-md\"><div class=\"vc_column-inner vc_custom_1744756451969\"><div class=\"wpb_wrapper\"><div class=\"eltdf-section-title-holder\" style=\"text-align: left\">\n\t\t\t<h3 class=\"eltdf-st-title\" >\n\t\t\t<span>Benefits of Magnesium Glycinate 200 mg<\/span>\n\t\t<\/h3>\n\t\t<\/div>\n\t<div class=\"wpb_text_column wpb_content_element \" >\n\t\t<div class=\"wpb_wrapper\">\n\t\t\t<p class=\"p1\" style=\"text-align: left;\"><span class=\"s1\">Los beneficios son numerosos y sorprendentes<\/span><\/p>\n<p class=\"\" data-start=\"719\" data-end=\"771\">\u2705 Favorece la <strong data-start=\"730\" data-end=\"744\">relajaci\u00f3n<\/strong> y reduce el estr\u00e9s diario<\/p>\n<p class=\"\" data-start=\"774\" data-end=\"827\">\u2705 Favorece <strong data-start=\"785\" data-end=\"809\">una mejor calidad del sue\u00f1o<\/strong> y el descanso<\/p>\n<p class=\"\" data-start=\"830\" data-end=\"885\">\u2705 Ayuda a aliviar <strong data-start=\"843\" data-end=\"883\">los calambres, la tensi\u00f3n y los dolores musculares<\/strong><\/p>\n<p class=\"\" data-start=\"888\" data-end=\"934\">\u2705 Ayuda a la <strong data-start=\"898\" data-end=\"932\">salud \u00f3sea y cardiovascular<\/strong><\/p>\n<p class=\"\" data-start=\"888\" data-end=\"934\">\u2705 Suave para el est\u00f3mago &#8211; sin efecto laxante<\/p>\n\n\t\t<\/div>\n\t<\/div>\n<\/div><\/div><\/div><\/div><div class=\"vc_row wpb_row vc_row-fluid eltdf-row-type-row\" style=\"\"><div class=\"wpb_column vc_column_container vc_col-sm-6 vc_hidden-sm vc_hidden-xs\"><div class=\"vc_column-inner vc_custom_1744756026559\"><div class=\"wpb_wrapper\"><div class=\"eltdf-section-title-holder\" style=\"text-align: left\">\n\t\t\t<h3 class=\"eltdf-st-title\" >\n\t\t\t<span>How you can use this Magnesium Glycinate 200 mg<\/span>\n\t\t<\/h3>\n\t\t<\/div>\n\t<div class=\"wpb_text_column wpb_content_element  wpb_animate_when_almost_visible wpb_fadeInRight fadeInRight\" >\n\t\t<div class=\"wpb_wrapper\">\n\t\t\t<p class=\"\" data-start=\"193\" data-end=\"278\">\ud83d\udc8a <strong data-start=\"196\" data-end=\"223\">Toma 1-2 c\u00e1psulas al d\u00eda<\/strong> con agua, idealmente con las comidas para una mejor absorci\u00f3n<\/p>\n<p class=\"\" data-start=\"281\" data-end=\"367\">\ud83c\udf19 <strong data-start=\"284\" data-end=\"315\">Util\u00edzalo en tu rutina nocturna<\/strong> para favorecer un sue\u00f1o reparador y la relajaci\u00f3n nocturna<\/p>\n<p class=\"\" data-start=\"370\" data-end=\"458\">\ud83e\uddd8\u200d\u2640\ufe0f <strong data-start=\"376\" data-end=\"412\">Incl\u00fayelo en tu r\u00e9gimen de bienestar<\/strong> en momentos de estr\u00e9s o actividad f\u00edsica<\/p>\n<p class=\"\" data-start=\"461\" data-end=\"533\">\ud83d\udcaa <strong data-start=\"464\" data-end=\"486\">Util\u00edzalo despu\u00e9s del entrenamiento<\/strong> para favorecer la recuperaci\u00f3n muscular y reducir los calambres<\/p>\n<p class=\"\" data-start=\"536\" data-end=\"621\">\u2705 Puede utilizarse <strong data-start=\"550\" data-end=\"559\">a diario<\/strong> como parte de un estilo de vida equilibrado para un apoyo continuo al magnesio<\/p>\n\n\t\t<\/div>\n\t<\/div>\n<\/div><\/div><\/div><div class=\"wpb_column vc_column_container vc_col-sm-6 vc_hidden-sm vc_hidden-xs\"><div class=\"vc_column-inner vc_custom_1744755444228\"><div class=\"wpb_wrapper\">\n\t<div  class=\"wpb_single_image wpb_content_element vc_align_left\">\n\t\t\n\t\t<figure class=\"wpb_wrapper vc_figure\">\n\t\t\t<div class=\"vc_single_image-wrapper   vc_box_border_grey\"><img loading=\"lazy\" decoding=\"async\" width=\"1500\" height=\"1424\" src=\"https:\/\/vianaturaorganics.com\/wp-content\/uploads\/2025\/04\/71-C3AOyFXL._AC_SL1500_.jpg\" class=\"vc_single_image-img attachment-full\" alt=\"\" srcset=\"https:\/\/vianaturaorganics.com\/wp-content\/uploads\/2025\/04\/71-C3AOyFXL._AC_SL1500_.jpg 1500w, https:\/\/vianaturaorganics.com\/wp-content\/uploads\/2025\/04\/71-C3AOyFXL._AC_SL1500_-300x285.jpg 300w, https:\/\/vianaturaorganics.com\/wp-content\/uploads\/2025\/04\/71-C3AOyFXL._AC_SL1500_-1024x972.jpg 1024w, https:\/\/vianaturaorganics.com\/wp-content\/uploads\/2025\/04\/71-C3AOyFXL._AC_SL1500_-768x729.jpg 768w, https:\/\/vianaturaorganics.com\/wp-content\/uploads\/2025\/04\/71-C3AOyFXL._AC_SL1500_-600x570.jpg 600w\" sizes=\"auto, (max-width: 1500px) 100vw, 1500px\" \/><\/div>\n\t\t<\/figure>\n\t<\/div>\n<\/div><\/div><\/div><\/div><div class=\"vc_row wpb_row vc_row-fluid eltdf-row-type-row\" style=\"\"><div class=\"wpb_column vc_column_container vc_col-sm-6 vc_hidden-lg vc_hidden-md\"><div class=\"vc_column-inner vc_custom_1744756970134\"><div class=\"wpb_wrapper\">\n\t<div  class=\"wpb_single_image wpb_content_element vc_align_left\">\n\t\t\n\t\t<figure class=\"wpb_wrapper vc_figure\">\n\t\t\t<div class=\"vc_single_image-wrapper   vc_box_border_grey\"><img loading=\"lazy\" decoding=\"async\" width=\"1500\" height=\"1424\" src=\"https:\/\/vianaturaorganics.com\/wp-content\/uploads\/2025\/04\/71-C3AOyFXL._AC_SL1500_.jpg\" class=\"vc_single_image-img attachment-full\" alt=\"\" srcset=\"https:\/\/vianaturaorganics.com\/wp-content\/uploads\/2025\/04\/71-C3AOyFXL._AC_SL1500_.jpg 1500w, https:\/\/vianaturaorganics.com\/wp-content\/uploads\/2025\/04\/71-C3AOyFXL._AC_SL1500_-300x285.jpg 300w, https:\/\/vianaturaorganics.com\/wp-content\/uploads\/2025\/04\/71-C3AOyFXL._AC_SL1500_-1024x972.jpg 1024w, https:\/\/vianaturaorganics.com\/wp-content\/uploads\/2025\/04\/71-C3AOyFXL._AC_SL1500_-768x729.jpg 768w, https:\/\/vianaturaorganics.com\/wp-content\/uploads\/2025\/04\/71-C3AOyFXL._AC_SL1500_-600x570.jpg 600w\" sizes=\"auto, (max-width: 1500px) 100vw, 1500px\" \/><\/div>\n\t\t<\/figure>\n\t<\/div>\n<\/div><\/div><\/div><div class=\"wpb_column vc_column_container vc_col-sm-6 vc_hidden-lg vc_hidden-md\"><div class=\"vc_column-inner vc_custom_1744756777246\"><div class=\"wpb_wrapper\"><div class=\"eltdf-section-title-holder\" style=\"text-align: left\">\n\t\t\t<h3 class=\"eltdf-st-title\" >\n\t\t\t<span>How you can use this Magnesium Glycinate 200 mg<\/span>\n\t\t<\/h3>\n\t\t<\/div>\n\t<div class=\"wpb_text_column wpb_content_element  wpb_animate_when_almost_visible wpb_fadeInRight fadeInRight\" >\n\t\t<div class=\"wpb_wrapper\">\n\t\t\t<ul>\n<li class=\"\" data-start=\"191\" data-end=\"278\">\n<p class=\"\" data-start=\"193\" data-end=\"278\">\ud83d\udc8a <strong data-start=\"196\" data-end=\"223\">Toma 1-2 c\u00e1psulas al d\u00eda<\/strong> con agua, idealmente con las comidas para una mejor absorci\u00f3n<\/p>\n<\/li>\n<li class=\"\" data-start=\"191\" data-end=\"278\">\n<p class=\"\" data-start=\"193\" data-end=\"278\">\ud83c\udf19 <strong data-start=\"284\" data-end=\"315\">Util\u00edzalo en tu rutina nocturna<\/strong> para favorecer un sue\u00f1o reparador y la relajaci\u00f3n nocturna<\/p>\n<\/li>\n<li class=\"\" data-start=\"368\" data-end=\"458\">\n<p class=\"\" data-start=\"370\" data-end=\"458\">\ud83e\uddd8\u200d\u2640\ufe0f <strong data-start=\"376\" data-end=\"412\">Incl\u00fayelo en tu r\u00e9gimen de bienestar<\/strong> en momentos de estr\u00e9s o actividad f\u00edsica<\/p>\n<\/li>\n<li class=\"\" data-start=\"459\" data-end=\"533\">\n<p class=\"\" data-start=\"461\" data-end=\"533\">\ud83d\udcaa <strong data-start=\"464\" data-end=\"486\">Util\u00edzalo despu\u00e9s del entrenamiento<\/strong> para favorecer la recuperaci\u00f3n muscular y reducir los calambres<\/p>\n<\/li>\n<li class=\"\" data-start=\"534\" data-end=\"621\">\n<p class=\"\" data-start=\"536\" data-end=\"621\">\u2705 Puede utilizarse <strong data-start=\"550\" data-end=\"559\">a diario<\/strong> como parte de un estilo de vida equilibrado para un apoyo continuo al magnesio<\/p>\n<\/li>\n<\/ul>\n\n\t\t<\/div>\n\t<\/div>\n<\/div><\/div><\/div><\/div><div class=\"vc_row wpb_row vc_row-fluid eltdf-row-type-row\" style=\"\"><div class=\"wpb_column vc_column_container vc_col-sm-12 vc_hidden-sm vc_hidden-xs\"><div class=\"vc_column-inner\"><div class=\"wpb_wrapper\"><h3 style=\"text-align: left;font-family:Signika;font-weight:400;font-style:normal\" class=\"vc_custom_heading\" >Consultar otros productos<\/h3><div class=\"woocommerce columns-5 \"><\/div><\/div><\/div><\/div><\/div><div class=\"vc_row wpb_row vc_row-fluid eltdf-row-type-row\" style=\"\"><div class=\"wpb_column vc_column_container vc_col-sm-12\"><div class=\"vc_column-inner\"><div class=\"wpb_wrapper\"><div class=\"woocommerce columns-5 \"><ul class=\"products columns-5\">\n<li class=\"post-1983 product type-product status-publish has-post-thumbnail product_cat-vitaminas-y-suplementos first instock featured shipping-taxable product-type-external\">\n\t<div class=\"eltdf-pl-inner\"><div class=\"eltdf-pl-image\"><img loading=\"lazy\" decoding=\"async\" width=\"300\" height=\"300\" src=\"https:\/\/vianaturaorganics.com\/wp-content\/uploads\/2025\/04\/Artboard-2-2-300x300.png\" class=\"attachment-woocommerce_thumbnail size-woocommerce_thumbnail\" alt=\"CoQ10 Ubiquinona 400 mg\" srcset=\"https:\/\/vianaturaorganics.com\/wp-content\/uploads\/2025\/04\/Artboard-2-2-300x300.png 300w, https:\/\/vianaturaorganics.com\/wp-content\/uploads\/2025\/04\/Artboard-2-2-1024x1024.png 1024w, https:\/\/vianaturaorganics.com\/wp-content\/uploads\/2025\/04\/Artboard-2-2-150x150.png 150w, https:\/\/vianaturaorganics.com\/wp-content\/uploads\/2025\/04\/Artboard-2-2-768x768.png 768w, https:\/\/vianaturaorganics.com\/wp-content\/uploads\/2025\/04\/Artboard-2-2-550x550.png 550w, https:\/\/vianaturaorganics.com\/wp-content\/uploads\/2025\/04\/Artboard-2-2-600x600.png 600w, https:\/\/vianaturaorganics.com\/wp-content\/uploads\/2025\/04\/Artboard-2-2-100x100.png 100w, https:\/\/vianaturaorganics.com\/wp-content\/uploads\/2025\/04\/Artboard-2-2.png 1280w\" sizes=\"auto, (max-width: 300px) 100vw, 300px\" \/><div class=\"eltdf-pl-text\"><div class=\"eltdf-pl-text-outer\"><div class=\"eltdf-pl-text-inner\"><a href=\"https:\/\/vianaturaorganics.com\/es\/coq10-ubiquinona-400-mg\/\" aria-describedby=\"woocommerce_loop_add_to_cart_link_describedby_1983\" data-quantity=\"1\" class=\"button product_type_external\" data-product_id=\"1983\" data-product_sku=\"\" aria-label=\"Detalles del producto\" rel=\"nofollow\" data-product_price=\"\" data-product_name=\"CoQ10 Ubiquinona 400 mg\" data-google_product_id=\"\">Detalles del producto<\/a>\t<span id=\"woocommerce_loop_add_to_cart_link_describedby_1983\" class=\"screen-reader-text\">\n\t\t\t<\/span>\n<\/div><\/div><\/div><\/div><a href=\"https:\/\/vianaturaorganics.com\/es\/product\/coq10-ubiquinona-400-mg\/\" class=\"woocommerce-LoopProduct-link woocommerce-loop-product__link\"><\/a><\/div><div class=\"eltdf-pl-text-wrapper\"><h4 class=\"eltdf-product-list-title\"><a href=\"https:\/\/vianaturaorganics.com\/es\/product\/coq10-ubiquinona-400-mg\/\">CoQ10 Ubiquinona 400 mg<\/a><\/h4>\n<\/div><\/li><li class=\"post-1987 product type-product status-publish has-post-thumbnail product_cat-vitaminas-y-suplementos  instock featured shipping-taxable product-type-external\">\n\t<div class=\"eltdf-pl-inner\"><div class=\"eltdf-pl-image\"><img loading=\"lazy\" decoding=\"async\" width=\"300\" height=\"300\" src=\"https:\/\/vianaturaorganics.com\/wp-content\/uploads\/2025\/04\/Artboard-1-3-300x300.png\" class=\"attachment-woocommerce_thumbnail size-woocommerce_thumbnail\" alt=\"DHEA 100 mg\" srcset=\"https:\/\/vianaturaorganics.com\/wp-content\/uploads\/2025\/04\/Artboard-1-3-300x300.png 300w, https:\/\/vianaturaorganics.com\/wp-content\/uploads\/2025\/04\/Artboard-1-3-1024x1024.png 1024w, https:\/\/vianaturaorganics.com\/wp-content\/uploads\/2025\/04\/Artboard-1-3-150x150.png 150w, https:\/\/vianaturaorganics.com\/wp-content\/uploads\/2025\/04\/Artboard-1-3-768x768.png 768w, https:\/\/vianaturaorganics.com\/wp-content\/uploads\/2025\/04\/Artboard-1-3-550x550.png 550w, https:\/\/vianaturaorganics.com\/wp-content\/uploads\/2025\/04\/Artboard-1-3-600x600.png 600w, https:\/\/vianaturaorganics.com\/wp-content\/uploads\/2025\/04\/Artboard-1-3-100x100.png 100w, https:\/\/vianaturaorganics.com\/wp-content\/uploads\/2025\/04\/Artboard-1-3.png 1280w\" sizes=\"auto, (max-width: 300px) 100vw, 300px\" \/><div class=\"eltdf-pl-text\"><div class=\"eltdf-pl-text-outer\"><div class=\"eltdf-pl-text-inner\"><a href=\"https:\/\/vianaturaorganics.com\/es\/dhea-100-mg\/\" aria-describedby=\"woocommerce_loop_add_to_cart_link_describedby_1987\" data-quantity=\"1\" class=\"button product_type_external\" data-product_id=\"1987\" data-product_sku=\"\" aria-label=\"Detalles del producto\" rel=\"nofollow\" data-product_price=\"\" data-product_name=\"DHEA 100 mg\" data-google_product_id=\"\">Detalles del producto<\/a>\t<span id=\"woocommerce_loop_add_to_cart_link_describedby_1987\" class=\"screen-reader-text\">\n\t\t\t<\/span>\n<\/div><\/div><\/div><\/div><a href=\"https:\/\/vianaturaorganics.com\/es\/product\/dhea-100-mg\/\" class=\"woocommerce-LoopProduct-link woocommerce-loop-product__link\"><\/a><\/div><div class=\"eltdf-pl-text-wrapper\"><h4 class=\"eltdf-product-list-title\"><a href=\"https:\/\/vianaturaorganics.com\/es\/product\/dhea-100-mg\/\">DHEA 100 mg<\/a><\/h4>\n<\/div><\/li><li class=\"post-1995 product type-product status-publish has-post-thumbnail product_cat-vitaminas-y-suplementos  instock featured shipping-taxable product-type-external\">\n\t<div class=\"eltdf-pl-inner\"><div class=\"eltdf-pl-image\"><img loading=\"lazy\" decoding=\"async\" width=\"300\" height=\"300\" src=\"https:\/\/vianaturaorganics.com\/wp-content\/uploads\/2025\/04\/Artboard-3-1-300x300.png\" class=\"attachment-woocommerce_thumbnail size-woocommerce_thumbnail\" alt=\"Omega 3\" srcset=\"https:\/\/vianaturaorganics.com\/wp-content\/uploads\/2025\/04\/Artboard-3-1-300x300.png 300w, https:\/\/vianaturaorganics.com\/wp-content\/uploads\/2025\/04\/Artboard-3-1-1024x1024.png 1024w, https:\/\/vianaturaorganics.com\/wp-content\/uploads\/2025\/04\/Artboard-3-1-150x150.png 150w, https:\/\/vianaturaorganics.com\/wp-content\/uploads\/2025\/04\/Artboard-3-1-768x768.png 768w, https:\/\/vianaturaorganics.com\/wp-content\/uploads\/2025\/04\/Artboard-3-1-550x550.png 550w, https:\/\/vianaturaorganics.com\/wp-content\/uploads\/2025\/04\/Artboard-3-1-600x600.png 600w, https:\/\/vianaturaorganics.com\/wp-content\/uploads\/2025\/04\/Artboard-3-1-100x100.png 100w, https:\/\/vianaturaorganics.com\/wp-content\/uploads\/2025\/04\/Artboard-3-1.png 1280w\" sizes=\"auto, (max-width: 300px) 100vw, 300px\" \/><div class=\"eltdf-pl-text\"><div class=\"eltdf-pl-text-outer\"><div class=\"eltdf-pl-text-inner\"><a href=\"https:\/\/vianaturaorganics.com\/es\/omega-3\/\" aria-describedby=\"woocommerce_loop_add_to_cart_link_describedby_1995\" data-quantity=\"1\" class=\"button product_type_external\" data-product_id=\"1995\" data-product_sku=\"\" aria-label=\"Detalles del producto\" rel=\"nofollow\" data-product_price=\"\" data-product_name=\"Omega 3\" data-google_product_id=\"\">Detalles del producto<\/a>\t<span id=\"woocommerce_loop_add_to_cart_link_describedby_1995\" class=\"screen-reader-text\">\n\t\t\t<\/span>\n<\/div><\/div><\/div><\/div><a href=\"https:\/\/vianaturaorganics.com\/es\/product\/omega-3\/\" class=\"woocommerce-LoopProduct-link woocommerce-loop-product__link\"><\/a><\/div><div class=\"eltdf-pl-text-wrapper\"><h4 class=\"eltdf-product-list-title\"><a href=\"https:\/\/vianaturaorganics.com\/es\/product\/omega-3\/\">Omega 3<\/a><\/h4>\n<\/div><\/li><\/ul>\n<\/div><\/div><\/div><\/div><\/div>\n","protected":false},"excerpt":{"rendered":"Magnesium Glycinate 200 mg El magnesio es un mineral esencial que favorece m\u00e1s de 300 reacciones bioqu\u00edmicas en el organismo. El glicinato de magnesio 200 mg es una forma de magnesio muy absorbible y suave, especialmente conocida por sus efectos calmantes, su comodidad digestiva y [...]","protected":false},"author":3,"featured_media":0,"parent":0,"menu_order":0,"comment_status":"closed","ping_status":"closed","template":"","meta":{"footnotes":""},"class_list":["post-1988","page","type-page","status-publish","hentry"],"_links":{"self":[{"href":"https:\/\/vianaturaorganics.com\/es\/wp-json\/wp\/v2\/pages\/1988","targetHints":{"allow":["GET"]}}],"collection":[{"href":"https:\/\/vianaturaorganics.com\/es\/wp-json\/wp\/v2\/pages"}],"about":[{"href":"https:\/\/vianaturaorganics.com\/es\/wp-json\/wp\/v2\/types\/page"}],"author":[{"embeddable":true,"href":"https:\/\/vianaturaorganics.com\/es\/wp-json\/wp\/v2\/users\/3"}],"replies":[{"embeddable":true,"href":"https:\/\/vianaturaorganics.com\/es\/wp-json\/wp\/v2\/comments?post=1988"}],"version-history":[{"count":2,"href":"https:\/\/vianaturaorganics.com\/es\/wp-json\/wp\/v2\/pages\/1988\/revisions"}],"predecessor-version":[{"id":1990,"href":"https:\/\/vianaturaorganics.com\/es\/wp-json\/wp\/v2\/pages\/1988\/revisions\/1990"}],"wp:attachment":[{"href":"https:\/\/vianaturaorganics.com\/es\/wp-json\/wp\/v2\/media?parent=1988"}],"curies":[{"name":"wp","href":"https:\/\/api.w.org\/{rel}","templated":true}]}}