{"id":1984,"date":"2025-04-16T01:10:56","date_gmt":"2025-04-16T01:10:56","guid":{"rendered":"https:\/\/vianaturaorganics.com\/dhea-100-mg\/"},"modified":"2025-04-25T03:55:09","modified_gmt":"2025-04-25T03:55:09","slug":"dhea-100-mg","status":"publish","type":"page","link":"https:\/\/vianaturaorganics.com\/es\/dhea-100-mg\/","title":{"rendered":"DHEA 100 mg"},"content":{"rendered":"<div class=\"vc_row wpb_row vc_row-fluid vc_custom_1745552220902 eltdf-row-type-row\" style=\"\"><div class=\"wpb_column vc_column_container vc_col-sm-6 vc_hidden-sm vc_hidden-xs\"><div class=\"vc_column-inner vc_custom_1620125773829\"><div class=\"wpb_wrapper\"><div class=\"eltdf-section-title-holder\" style=\"text-align: left\">\n\t\t\t<h3 class=\"eltdf-st-title\" >\n\t\t\t<span>DHEA 100mg<\/span>\n\t\t<\/h3>\n\t\t<\/div>\n\t<div class=\"wpb_text_column wpb_content_element \" >\n\t\t<div class=\"wpb_wrapper\">\n\t\t\t<p>La DHEA (dehidroepiandrosterona) es una hormona natural producida por las gl\u00e1ndulas suprarrenales. A medida que envejecemos, los niveles de DHEA disminuyen gradualmente, lo que puede afectar a la energ\u00eda, el estado de \u00e1nimo, el metabolismo y la vitalidad en general. Nuestro suplemento de DHEA 100 mg est\u00e1 especialmente formulado para ayudar a mantener unos niveles hormonales sanos, promover el bienestar y fomentar una sensaci\u00f3n juvenil de energ\u00eda y equilibrio.<\/p>\n\n\t\t<\/div>\n\t<\/div>\n<div class=\"vc_row wpb_row vc_inner vc_row-fluid vc_custom_1745552797418\"><div class=\"wpb_column vc_column_container vc_col-sm-12\"><div class=\"vc_column-inner vc_custom_1744754780307\"><div class=\"wpb_wrapper\"><div class=\"vc_btn3-container  btn_size vc_btn3-left\" ><a class=\"vc_general vc_btn3 vc_btn3-size-lg vc_btn3-shape-round vc_btn3-style-modern vc_btn3-color-warning\" href=\"https:\/\/vianaturaorganics.com\/es\/confirmar\/\" title=\"Pago\" target=\"_blank\">Comprar ahora<\/a><\/div><\/div><\/div><\/div><\/div><\/div><\/div><\/div><div class=\"wpb_column vc_column_container vc_col-sm-6 vc_hidden-sm vc_hidden-xs\"><div class=\"vc_column-inner\"><div class=\"wpb_wrapper\">\n\t<div  class=\"wpb_single_image wpb_content_element vc_align_left\">\n\t\t\n\t\t<figure class=\"wpb_wrapper vc_figure\">\n\t\t\t<div class=\"vc_single_image-wrapper   vc_box_border_grey\"><img loading=\"lazy\" decoding=\"async\" width=\"1250\" height=\"1500\" src=\"https:\/\/vianaturaorganics.com\/wp-content\/uploads\/2025\/04\/61wy5RprY-L._AC_SL1500_.jpg\" class=\"vc_single_image-img attachment-full\" alt=\"\" srcset=\"https:\/\/vianaturaorganics.com\/wp-content\/uploads\/2025\/04\/61wy5RprY-L._AC_SL1500_.jpg 1250w, https:\/\/vianaturaorganics.com\/wp-content\/uploads\/2025\/04\/61wy5RprY-L._AC_SL1500_-250x300.jpg 250w, https:\/\/vianaturaorganics.com\/wp-content\/uploads\/2025\/04\/61wy5RprY-L._AC_SL1500_-853x1024.jpg 853w, https:\/\/vianaturaorganics.com\/wp-content\/uploads\/2025\/04\/61wy5RprY-L._AC_SL1500_-768x922.jpg 768w, https:\/\/vianaturaorganics.com\/wp-content\/uploads\/2025\/04\/61wy5RprY-L._AC_SL1500_-600x720.jpg 600w\" sizes=\"auto, (max-width: 1250px) 100vw, 1250px\" \/><\/div>\n\t\t<\/figure>\n\t<\/div>\n<\/div><\/div><\/div><\/div><div class=\"vc_row wpb_row vc_row-fluid eltdf-row-type-row\" style=\"\"><div class=\"wpb_column vc_column_container vc_col-sm-6 vc_hidden-lg vc_hidden-md\"><div class=\"vc_column-inner vc_custom_1744756708825\"><div class=\"wpb_wrapper\">\n\t<div  class=\"wpb_single_image wpb_content_element vc_align_left\">\n\t\t\n\t\t<figure class=\"wpb_wrapper vc_figure\">\n\t\t\t<div class=\"vc_single_image-wrapper   vc_box_border_grey\"><img loading=\"lazy\" decoding=\"async\" width=\"1250\" height=\"1500\" src=\"https:\/\/vianaturaorganics.com\/wp-content\/uploads\/2025\/04\/61wy5RprY-L._AC_SL1500_.jpg\" class=\"vc_single_image-img attachment-full\" alt=\"\" srcset=\"https:\/\/vianaturaorganics.com\/wp-content\/uploads\/2025\/04\/61wy5RprY-L._AC_SL1500_.jpg 1250w, https:\/\/vianaturaorganics.com\/wp-content\/uploads\/2025\/04\/61wy5RprY-L._AC_SL1500_-250x300.jpg 250w, https:\/\/vianaturaorganics.com\/wp-content\/uploads\/2025\/04\/61wy5RprY-L._AC_SL1500_-853x1024.jpg 853w, https:\/\/vianaturaorganics.com\/wp-content\/uploads\/2025\/04\/61wy5RprY-L._AC_SL1500_-768x922.jpg 768w, https:\/\/vianaturaorganics.com\/wp-content\/uploads\/2025\/04\/61wy5RprY-L._AC_SL1500_-600x720.jpg 600w\" sizes=\"auto, (max-width: 1250px) 100vw, 1250px\" \/><\/div>\n\t\t<\/figure>\n\t<\/div>\n<\/div><\/div><\/div><div class=\"wpb_column vc_column_container vc_col-sm-6 vc_hidden-lg vc_hidden-md\"><div class=\"vc_column-inner vc_custom_1744755915534\"><div class=\"wpb_wrapper\"><div class=\"eltdf-section-title-holder\" style=\"text-align: left\">\n\t\t\t<h3 class=\"eltdf-st-title\" >\n\t\t\t<span>DHEA 100mg<\/span>\n\t\t<\/h3>\n\t\t<\/div>\n\t<div class=\"wpb_text_column wpb_content_element \" >\n\t\t<div class=\"wpb_wrapper\">\n\t\t\t<p>La DHEA (dehidroepiandrosterona) es una hormona natural producida por las gl\u00e1ndulas suprarrenales. A medida que envejecemos, los niveles de DHEA disminuyen gradualmente, lo que puede afectar a la energ\u00eda, el estado de \u00e1nimo, el metabolismo y la vitalidad en general. Nuestro suplemento de DHEA 100 mg est\u00e1 especialmente formulado para ayudar a mantener unos niveles hormonales sanos, promover el bienestar y fomentar una sensaci\u00f3n juvenil de energ\u00eda y equilibrio.<\/p>\n\n\t\t<\/div>\n\t<\/div>\n<div class=\"vc_row wpb_row vc_inner vc_row-fluid\"><div class=\"wpb_column vc_column_container vc_col-sm-12\"><div class=\"vc_column-inner vc_custom_1744756920055\"><div class=\"wpb_wrapper\"><div class=\"vc_btn3-container  btn_size vc_btn3-left\" ><a class=\"vc_general vc_btn3 vc_btn3-size-lg vc_btn3-shape-round vc_btn3-style-modern vc_btn3-color-warning\" href=\"https:\/\/vianaturaorganics.com\/es\/confirmar\/\" title=\"Pago\" target=\"_blank\">Comprar ahora<\/a><\/div><\/div><\/div><\/div><\/div><\/div><\/div><\/div><\/div><div class=\"vc_row wpb_row vc_row-fluid eltdf-row-type-row\" style=\"\"><div class=\"wpb_column vc_column_container vc_col-sm-6 vc_hidden-sm vc_hidden-xs\"><div class=\"vc_column-inner vc_custom_1744755409848\"><div class=\"wpb_wrapper\">\n\t<div  class=\"wpb_single_image wpb_content_element vc_align_left\">\n\t\t\n\t\t<figure class=\"wpb_wrapper vc_figure\">\n\t\t\t<div class=\"vc_single_image-wrapper   vc_box_border_grey\"><img loading=\"lazy\" decoding=\"async\" data-vc-zoom=\"https:\/\/vianaturaorganics.com\/wp-content\/uploads\/2025\/04\/71zRI3Zzn0L._AC_SL1500_-1024x1024.jpg\" width=\"1500\" height=\"1500\" src=\"https:\/\/vianaturaorganics.com\/wp-content\/uploads\/2025\/04\/71zRI3Zzn0L._AC_SL1500_.jpg\" class=\"vc_single_image-img attachment-full\" alt=\"\" srcset=\"https:\/\/vianaturaorganics.com\/wp-content\/uploads\/2025\/04\/71zRI3Zzn0L._AC_SL1500_.jpg 1500w, https:\/\/vianaturaorganics.com\/wp-content\/uploads\/2025\/04\/71zRI3Zzn0L._AC_SL1500_-300x300.jpg 300w, https:\/\/vianaturaorganics.com\/wp-content\/uploads\/2025\/04\/71zRI3Zzn0L._AC_SL1500_-1024x1024.jpg 1024w, https:\/\/vianaturaorganics.com\/wp-content\/uploads\/2025\/04\/71zRI3Zzn0L._AC_SL1500_-150x150.jpg 150w, https:\/\/vianaturaorganics.com\/wp-content\/uploads\/2025\/04\/71zRI3Zzn0L._AC_SL1500_-768x768.jpg 768w, https:\/\/vianaturaorganics.com\/wp-content\/uploads\/2025\/04\/71zRI3Zzn0L._AC_SL1500_-550x550.jpg 550w, https:\/\/vianaturaorganics.com\/wp-content\/uploads\/2025\/04\/71zRI3Zzn0L._AC_SL1500_-600x600.jpg 600w, https:\/\/vianaturaorganics.com\/wp-content\/uploads\/2025\/04\/71zRI3Zzn0L._AC_SL1500_-100x100.jpg 100w\" sizes=\"auto, (max-width: 1500px) 100vw, 1500px\" \/><\/div>\n\t\t<\/figure>\n\t<\/div>\n<\/div><\/div><\/div><div class=\"wpb_column vc_column_container vc_col-sm-6 vc_hidden-sm vc_hidden-xs\"><div class=\"vc_column-inner vc_custom_1744755425424\"><div class=\"wpb_wrapper\"><div class=\"eltdf-section-title-holder\" style=\"text-align: left\">\n\t\t\t<h3 class=\"eltdf-st-title\" >\n\t\t\t<span>Benefits of DHEA 100mg<\/span>\n\t\t<\/h3>\n\t\t<\/div>\n\t<div class=\"wpb_text_column wpb_content_element \" >\n\t\t<div class=\"wpb_wrapper\">\n\t\t\t<p class=\"p1\" style=\"text-align: left;\"><span class=\"s1\">Los beneficios son numerosos y sorprendentes<\/span><\/p>\n<p>\u2705 Favorece el envejecimiento saludable y la longevidad<\/p>\n<p>\u2705 Favorece el equilibrio hormonal en hombres y mujeres<\/p>\n<p>\u2705 Ayuda a mantener los niveles de energ\u00eda, la resistencia y el estado de \u00e1nimo<\/p>\n<p>\u2705 Favorece un sistema inmunitario sano<\/p>\n<p>\u2705 Puede ayudar a mantener la fuerza muscular y la densidad \u00f3sea<\/p>\n\n\t\t<\/div>\n\t<\/div>\n<\/div><\/div><\/div><\/div><div class=\"vc_row wpb_row vc_row-fluid eltdf-row-type-row\" style=\"\"><div class=\"wpb_column vc_column_container vc_col-sm-6 vc_hidden-lg vc_hidden-md\"><div class=\"vc_column-inner vc_custom_1744756936104\"><div class=\"wpb_wrapper\">\n\t<div  class=\"wpb_single_image wpb_content_element vc_align_left\">\n\t\t\n\t\t<figure class=\"wpb_wrapper vc_figure\">\n\t\t\t<div class=\"vc_single_image-wrapper   vc_box_border_grey\"><img loading=\"lazy\" decoding=\"async\" data-vc-zoom=\"https:\/\/vianaturaorganics.com\/wp-content\/uploads\/2025\/04\/71zRI3Zzn0L._AC_SL1500_-1024x1024.jpg\" width=\"1500\" height=\"1500\" src=\"https:\/\/vianaturaorganics.com\/wp-content\/uploads\/2025\/04\/71zRI3Zzn0L._AC_SL1500_.jpg\" class=\"vc_single_image-img attachment-full\" alt=\"\" srcset=\"https:\/\/vianaturaorganics.com\/wp-content\/uploads\/2025\/04\/71zRI3Zzn0L._AC_SL1500_.jpg 1500w, https:\/\/vianaturaorganics.com\/wp-content\/uploads\/2025\/04\/71zRI3Zzn0L._AC_SL1500_-300x300.jpg 300w, https:\/\/vianaturaorganics.com\/wp-content\/uploads\/2025\/04\/71zRI3Zzn0L._AC_SL1500_-1024x1024.jpg 1024w, https:\/\/vianaturaorganics.com\/wp-content\/uploads\/2025\/04\/71zRI3Zzn0L._AC_SL1500_-150x150.jpg 150w, https:\/\/vianaturaorganics.com\/wp-content\/uploads\/2025\/04\/71zRI3Zzn0L._AC_SL1500_-768x768.jpg 768w, https:\/\/vianaturaorganics.com\/wp-content\/uploads\/2025\/04\/71zRI3Zzn0L._AC_SL1500_-550x550.jpg 550w, https:\/\/vianaturaorganics.com\/wp-content\/uploads\/2025\/04\/71zRI3Zzn0L._AC_SL1500_-600x600.jpg 600w, https:\/\/vianaturaorganics.com\/wp-content\/uploads\/2025\/04\/71zRI3Zzn0L._AC_SL1500_-100x100.jpg 100w\" sizes=\"auto, (max-width: 1500px) 100vw, 1500px\" \/><\/div>\n\t\t<\/figure>\n\t<\/div>\n<\/div><\/div><\/div><div class=\"wpb_column vc_column_container vc_col-sm-6 vc_hidden-lg vc_hidden-md\"><div class=\"vc_column-inner vc_custom_1744756451969\"><div class=\"wpb_wrapper\"><div class=\"eltdf-section-title-holder\" style=\"text-align: left\">\n\t\t\t<h3 class=\"eltdf-st-title\" >\n\t\t\t<span>Benefits of DHEA 100mg<\/span>\n\t\t<\/h3>\n\t\t<\/div>\n\t<div class=\"wpb_text_column wpb_content_element \" >\n\t\t<div class=\"wpb_wrapper\">\n\t\t\t<p class=\"p1\" style=\"text-align: left;\"><span class=\"s1\">Los beneficios son numerosos y sorprendentes<\/span><\/p>\n<p class=\"p1\" style=\"text-align: left;\">\u2705 Favorece <strong data-start=\"646\" data-end=\"663\">el envejecimiento saludable<\/strong> y la longevidad<\/p>\n<p class=\"p1\" style=\"text-align: left;\">\u2705 Favorece <strong data-start=\"693\" data-end=\"713\">el equilibrio hormonal<\/strong> en hombres y mujeres<\/p>\n<p class=\"p1\" style=\"text-align: left;\">\u2705 Ayuda a mantener <strong data-start=\"752\" data-end=\"769\">los niveles de energ\u00eda<\/strong>, la resistencia y el estado de \u00e1nimo<\/p>\n<p class=\"p1\" style=\"text-align: left;\">\u2705 Favorece un <strong data-start=\"806\" data-end=\"831\">sistema inmunitario sano<\/strong><\/p>\n<p class=\"p1\" style=\"text-align: left;\">\u2705 Puede ayudar a mantener la <strong data-start=\"861\" data-end=\"897\">fuerza muscular y la densidad \u00f3sea<\/strong><\/p>\n\n\t\t<\/div>\n\t<\/div>\n<\/div><\/div><\/div><\/div><div class=\"vc_row wpb_row vc_row-fluid eltdf-row-type-row\" style=\"\"><div class=\"wpb_column vc_column_container vc_col-sm-6 vc_hidden-sm vc_hidden-xs\"><div class=\"vc_column-inner vc_custom_1744756026559\"><div class=\"wpb_wrapper\"><div class=\"eltdf-section-title-holder\" style=\"text-align: left\">\n\t\t\t<h3 class=\"eltdf-st-title\" >\n\t\t\t<span>How you can use this DHEA 100mg<\/span>\n\t\t<\/h3>\n\t\t<\/div>\n\t<div class=\"wpb_text_column wpb_content_element  wpb_animate_when_almost_visible wpb_fadeInRight fadeInRight\" >\n\t\t<div class=\"wpb_wrapper\">\n\t\t\t<ul class=\"ul1\">\n<li class=\"\" data-start=\"586\" data-end=\"646\">\n<p class=\"\" data-start=\"588\" data-end=\"646\">Toma <strong data-start=\"593\" data-end=\"612\">1 c\u00e1psula al d\u00eda<\/strong> con agua, preferiblemente con comida.<\/p>\n<\/li>\n<li class=\"\" data-start=\"647\" data-end=\"701\">\n<p class=\"\" data-start=\"649\" data-end=\"701\"><strong data-start=\"652\" data-end=\"659\">No<\/strong> tritures, mezcles ni calientes el contenido de la c\u00e1psula.<\/p>\n<\/li>\n<li class=\"\" data-start=\"702\" data-end=\"806\">\n<p class=\"\" data-start=\"704\" data-end=\"806\">Consulta siempre a tu m\u00e9dico antes de empezar a tomar DHEA, sobre todo si padeces enfermedades sensibles a las hormonas.<\/p>\n<\/li>\n<\/ul>\n\n\t\t<\/div>\n\t<\/div>\n<\/div><\/div><\/div><div class=\"wpb_column vc_column_container vc_col-sm-6 vc_hidden-sm vc_hidden-xs\"><div class=\"vc_column-inner vc_custom_1744755444228\"><div class=\"wpb_wrapper\">\n\t<div  class=\"wpb_single_image wpb_content_element vc_align_left\">\n\t\t\n\t\t<figure class=\"wpb_wrapper vc_figure\">\n\t\t\t<div class=\"vc_single_image-wrapper   vc_box_border_grey\"><img loading=\"lazy\" decoding=\"async\" width=\"1500\" height=\"1472\" src=\"https:\/\/vianaturaorganics.com\/wp-content\/uploads\/2025\/04\/71Vc0KMzFL._AC_SL1500_.jpg\" class=\"vc_single_image-img attachment-full\" alt=\"\" srcset=\"https:\/\/vianaturaorganics.com\/wp-content\/uploads\/2025\/04\/71Vc0KMzFL._AC_SL1500_.jpg 1500w, https:\/\/vianaturaorganics.com\/wp-content\/uploads\/2025\/04\/71Vc0KMzFL._AC_SL1500_-300x294.jpg 300w, https:\/\/vianaturaorganics.com\/wp-content\/uploads\/2025\/04\/71Vc0KMzFL._AC_SL1500_-1024x1005.jpg 1024w, https:\/\/vianaturaorganics.com\/wp-content\/uploads\/2025\/04\/71Vc0KMzFL._AC_SL1500_-768x754.jpg 768w, https:\/\/vianaturaorganics.com\/wp-content\/uploads\/2025\/04\/71Vc0KMzFL._AC_SL1500_-600x589.jpg 600w\" sizes=\"auto, (max-width: 1500px) 100vw, 1500px\" \/><\/div>\n\t\t<\/figure>\n\t<\/div>\n<\/div><\/div><\/div><\/div><div class=\"vc_row wpb_row vc_row-fluid eltdf-row-type-row\" style=\"\"><div class=\"wpb_column vc_column_container vc_col-sm-6 vc_hidden-lg vc_hidden-md\"><div class=\"vc_column-inner vc_custom_1744756970134\"><div class=\"wpb_wrapper\">\n\t<div  class=\"wpb_single_image wpb_content_element vc_align_left\">\n\t\t\n\t\t<figure class=\"wpb_wrapper vc_figure\">\n\t\t\t<div class=\"vc_single_image-wrapper   vc_box_border_grey\"><img loading=\"lazy\" decoding=\"async\" width=\"1500\" height=\"1472\" src=\"https:\/\/vianaturaorganics.com\/wp-content\/uploads\/2025\/04\/71Vc0KMzFL._AC_SL1500_.jpg\" class=\"vc_single_image-img attachment-full\" alt=\"\" srcset=\"https:\/\/vianaturaorganics.com\/wp-content\/uploads\/2025\/04\/71Vc0KMzFL._AC_SL1500_.jpg 1500w, https:\/\/vianaturaorganics.com\/wp-content\/uploads\/2025\/04\/71Vc0KMzFL._AC_SL1500_-300x294.jpg 300w, https:\/\/vianaturaorganics.com\/wp-content\/uploads\/2025\/04\/71Vc0KMzFL._AC_SL1500_-1024x1005.jpg 1024w, https:\/\/vianaturaorganics.com\/wp-content\/uploads\/2025\/04\/71Vc0KMzFL._AC_SL1500_-768x754.jpg 768w, https:\/\/vianaturaorganics.com\/wp-content\/uploads\/2025\/04\/71Vc0KMzFL._AC_SL1500_-600x589.jpg 600w\" sizes=\"auto, (max-width: 1500px) 100vw, 1500px\" \/><\/div>\n\t\t<\/figure>\n\t<\/div>\n<\/div><\/div><\/div><div class=\"wpb_column vc_column_container vc_col-sm-6 vc_hidden-lg vc_hidden-md\"><div class=\"vc_column-inner vc_custom_1744756777246\"><div class=\"wpb_wrapper\"><div class=\"eltdf-section-title-holder\" style=\"text-align: left\">\n\t\t\t<h3 class=\"eltdf-st-title\" >\n\t\t\t<span>How you can use this DHEA 100mg<\/span>\n\t\t<\/h3>\n\t\t<\/div>\n\t<div class=\"wpb_text_column wpb_content_element  wpb_animate_when_almost_visible wpb_fadeInRight fadeInRight\" >\n\t\t<div class=\"wpb_wrapper\">\n\t\t\t<ul class=\"ul1\">\n<li class=\"\" data-start=\"586\" data-end=\"646\">\n<p class=\"\" data-start=\"588\" data-end=\"646\">Toma <strong data-start=\"593\" data-end=\"612\">1 c\u00e1psula al d\u00eda<\/strong> con agua, preferiblemente con comida.<\/p>\n<\/li>\n<li class=\"\" data-start=\"647\" data-end=\"701\">\n<p class=\"\" data-start=\"649\" data-end=\"701\"><strong data-start=\"652\" data-end=\"659\">No<\/strong> tritures, mezcles ni calientes el contenido de la c\u00e1psula.<\/p>\n<\/li>\n<li class=\"\" data-start=\"702\" data-end=\"806\">\n<p class=\"\" data-start=\"704\" data-end=\"806\">Consulta siempre a tu m\u00e9dico antes de empezar a tomar DHEA, sobre todo si padeces enfermedades sensibles a las hormonas.<\/p>\n<\/li>\n<\/ul>\n\n\t\t<\/div>\n\t<\/div>\n<\/div><\/div><\/div><\/div><div class=\"vc_row wpb_row vc_row-fluid eltdf-row-type-row\" style=\"\"><div class=\"wpb_column vc_column_container vc_col-sm-12 vc_hidden-sm vc_hidden-xs\"><div class=\"vc_column-inner\"><div class=\"wpb_wrapper\"><h3 style=\"text-align: left;font-family:Signika;font-weight:400;font-style:normal\" class=\"vc_custom_heading\" >Consultar otros productos<\/h3><div class=\"woocommerce columns-5 \"><\/div><\/div><\/div><\/div><\/div><div class=\"vc_row wpb_row vc_row-fluid eltdf-row-type-row\" style=\"\"><div class=\"wpb_column vc_column_container vc_col-sm-12\"><div class=\"vc_column-inner\"><div class=\"wpb_wrapper\"><div class=\"woocommerce columns-5 \"><ul class=\"products columns-5\">\n<li class=\"post-1983 product type-product status-publish has-post-thumbnail product_cat-vitaminas-y-suplementos first instock featured shipping-taxable product-type-external\">\n\t<div class=\"eltdf-pl-inner\"><div class=\"eltdf-pl-image\"><img loading=\"lazy\" decoding=\"async\" width=\"300\" height=\"300\" src=\"https:\/\/vianaturaorganics.com\/wp-content\/uploads\/2025\/04\/Artboard-2-2-300x300.png\" class=\"attachment-woocommerce_thumbnail size-woocommerce_thumbnail\" alt=\"CoQ10 Ubiquinona 400 mg\" srcset=\"https:\/\/vianaturaorganics.com\/wp-content\/uploads\/2025\/04\/Artboard-2-2-300x300.png 300w, https:\/\/vianaturaorganics.com\/wp-content\/uploads\/2025\/04\/Artboard-2-2-1024x1024.png 1024w, https:\/\/vianaturaorganics.com\/wp-content\/uploads\/2025\/04\/Artboard-2-2-150x150.png 150w, https:\/\/vianaturaorganics.com\/wp-content\/uploads\/2025\/04\/Artboard-2-2-768x768.png 768w, https:\/\/vianaturaorganics.com\/wp-content\/uploads\/2025\/04\/Artboard-2-2-550x550.png 550w, https:\/\/vianaturaorganics.com\/wp-content\/uploads\/2025\/04\/Artboard-2-2-600x600.png 600w, https:\/\/vianaturaorganics.com\/wp-content\/uploads\/2025\/04\/Artboard-2-2-100x100.png 100w, https:\/\/vianaturaorganics.com\/wp-content\/uploads\/2025\/04\/Artboard-2-2.png 1280w\" sizes=\"auto, (max-width: 300px) 100vw, 300px\" \/><div class=\"eltdf-pl-text\"><div class=\"eltdf-pl-text-outer\"><div class=\"eltdf-pl-text-inner\"><a href=\"https:\/\/vianaturaorganics.com\/es\/coq10-ubiquinona-400-mg\/\" aria-describedby=\"woocommerce_loop_add_to_cart_link_describedby_1983\" data-quantity=\"1\" class=\"button product_type_external\" data-product_id=\"1983\" data-product_sku=\"\" aria-label=\"Detalles del producto\" rel=\"nofollow\" data-product_price=\"\" data-product_name=\"CoQ10 Ubiquinona 400 mg\" data-google_product_id=\"\">Detalles del producto<\/a>\t<span id=\"woocommerce_loop_add_to_cart_link_describedby_1983\" class=\"screen-reader-text\">\n\t\t\t<\/span>\n<\/div><\/div><\/div><\/div><a href=\"https:\/\/vianaturaorganics.com\/es\/product\/coq10-ubiquinona-400-mg\/\" class=\"woocommerce-LoopProduct-link woocommerce-loop-product__link\"><\/a><\/div><div class=\"eltdf-pl-text-wrapper\"><h4 class=\"eltdf-product-list-title\"><a href=\"https:\/\/vianaturaorganics.com\/es\/product\/coq10-ubiquinona-400-mg\/\">CoQ10 Ubiquinona 400 mg<\/a><\/h4>\n<\/div><\/li><li class=\"post-1991 product type-product status-publish has-post-thumbnail product_cat-vitaminas-y-suplementos  instock featured shipping-taxable product-type-external\">\n\t<div class=\"eltdf-pl-inner\"><div class=\"eltdf-pl-image\"><img loading=\"lazy\" decoding=\"async\" width=\"300\" height=\"300\" src=\"https:\/\/vianaturaorganics.com\/wp-content\/uploads\/2025\/04\/Artboard-4-300x300.png\" class=\"attachment-woocommerce_thumbnail size-woocommerce_thumbnail\" alt=\"Glicinato de magnesio 200 mg\" srcset=\"https:\/\/vianaturaorganics.com\/wp-content\/uploads\/2025\/04\/Artboard-4-300x300.png 300w, https:\/\/vianaturaorganics.com\/wp-content\/uploads\/2025\/04\/Artboard-4-1024x1024.png 1024w, https:\/\/vianaturaorganics.com\/wp-content\/uploads\/2025\/04\/Artboard-4-150x150.png 150w, https:\/\/vianaturaorganics.com\/wp-content\/uploads\/2025\/04\/Artboard-4-768x768.png 768w, https:\/\/vianaturaorganics.com\/wp-content\/uploads\/2025\/04\/Artboard-4-550x550.png 550w, https:\/\/vianaturaorganics.com\/wp-content\/uploads\/2025\/04\/Artboard-4-600x600.png 600w, https:\/\/vianaturaorganics.com\/wp-content\/uploads\/2025\/04\/Artboard-4-100x100.png 100w, https:\/\/vianaturaorganics.com\/wp-content\/uploads\/2025\/04\/Artboard-4.png 1280w\" sizes=\"auto, (max-width: 300px) 100vw, 300px\" \/><div class=\"eltdf-pl-text\"><div class=\"eltdf-pl-text-outer\"><div class=\"eltdf-pl-text-inner\"><a href=\"https:\/\/vianaturaorganics.com\/es\/glicinato-de-magnesio-200-mg\/\" aria-describedby=\"woocommerce_loop_add_to_cart_link_describedby_1991\" data-quantity=\"1\" class=\"button product_type_external\" data-product_id=\"1991\" data-product_sku=\"\" aria-label=\"Detalles del producto\" rel=\"nofollow\" data-product_price=\"\" data-product_name=\"Glicinato de magnesio 200 mg\" data-google_product_id=\"\">Detalles del producto<\/a>\t<span id=\"woocommerce_loop_add_to_cart_link_describedby_1991\" class=\"screen-reader-text\">\n\t\t\t<\/span>\n<\/div><\/div><\/div><\/div><a href=\"https:\/\/vianaturaorganics.com\/es\/product\/glicinato-de-magnesio-200-mg\/\" class=\"woocommerce-LoopProduct-link woocommerce-loop-product__link\"><\/a><\/div><div class=\"eltdf-pl-text-wrapper\"><h4 class=\"eltdf-product-list-title\"><a href=\"https:\/\/vianaturaorganics.com\/es\/product\/glicinato-de-magnesio-200-mg\/\">Glicinato de magnesio 200 mg<\/a><\/h4>\n<\/div><\/li><li class=\"post-1995 product type-product status-publish has-post-thumbnail product_cat-vitaminas-y-suplementos  instock featured shipping-taxable product-type-external\">\n\t<div class=\"eltdf-pl-inner\"><div class=\"eltdf-pl-image\"><img loading=\"lazy\" decoding=\"async\" width=\"300\" height=\"300\" src=\"https:\/\/vianaturaorganics.com\/wp-content\/uploads\/2025\/04\/Artboard-3-1-300x300.png\" class=\"attachment-woocommerce_thumbnail size-woocommerce_thumbnail\" alt=\"Omega 3\" srcset=\"https:\/\/vianaturaorganics.com\/wp-content\/uploads\/2025\/04\/Artboard-3-1-300x300.png 300w, https:\/\/vianaturaorganics.com\/wp-content\/uploads\/2025\/04\/Artboard-3-1-1024x1024.png 1024w, https:\/\/vianaturaorganics.com\/wp-content\/uploads\/2025\/04\/Artboard-3-1-150x150.png 150w, https:\/\/vianaturaorganics.com\/wp-content\/uploads\/2025\/04\/Artboard-3-1-768x768.png 768w, https:\/\/vianaturaorganics.com\/wp-content\/uploads\/2025\/04\/Artboard-3-1-550x550.png 550w, https:\/\/vianaturaorganics.com\/wp-content\/uploads\/2025\/04\/Artboard-3-1-600x600.png 600w, https:\/\/vianaturaorganics.com\/wp-content\/uploads\/2025\/04\/Artboard-3-1-100x100.png 100w, https:\/\/vianaturaorganics.com\/wp-content\/uploads\/2025\/04\/Artboard-3-1.png 1280w\" sizes=\"auto, (max-width: 300px) 100vw, 300px\" \/><div class=\"eltdf-pl-text\"><div class=\"eltdf-pl-text-outer\"><div class=\"eltdf-pl-text-inner\"><a href=\"https:\/\/vianaturaorganics.com\/es\/omega-3\/\" aria-describedby=\"woocommerce_loop_add_to_cart_link_describedby_1995\" data-quantity=\"1\" class=\"button product_type_external\" data-product_id=\"1995\" data-product_sku=\"\" aria-label=\"Detalles del producto\" rel=\"nofollow\" data-product_price=\"\" data-product_name=\"Omega 3\" data-google_product_id=\"\">Detalles del producto<\/a>\t<span id=\"woocommerce_loop_add_to_cart_link_describedby_1995\" class=\"screen-reader-text\">\n\t\t\t<\/span>\n<\/div><\/div><\/div><\/div><a href=\"https:\/\/vianaturaorganics.com\/es\/product\/omega-3\/\" class=\"woocommerce-LoopProduct-link woocommerce-loop-product__link\"><\/a><\/div><div class=\"eltdf-pl-text-wrapper\"><h4 class=\"eltdf-product-list-title\"><a href=\"https:\/\/vianaturaorganics.com\/es\/product\/omega-3\/\">Omega 3<\/a><\/h4>\n<\/div><\/li><\/ul>\n<\/div><\/div><\/div><\/div><\/div>\n","protected":false},"excerpt":{"rendered":"DHEA 100mg La DHEA (dehidroepiandrosterona) es una hormona natural producida por las gl\u00e1ndulas suprarrenales. A medida que envejecemos, los niveles de DHEA disminuyen gradualmente, lo que puede afectar a la energ\u00eda, el estado de \u00e1nimo, el metabolismo y la vitalidad en general. Nuestro suplemento de [...]","protected":false},"author":3,"featured_media":0,"parent":0,"menu_order":0,"comment_status":"closed","ping_status":"closed","template":"","meta":{"footnotes":""},"class_list":["post-1984","page","type-page","status-publish","hentry"],"_links":{"self":[{"href":"https:\/\/vianaturaorganics.com\/es\/wp-json\/wp\/v2\/pages\/1984","targetHints":{"allow":["GET"]}}],"collection":[{"href":"https:\/\/vianaturaorganics.com\/es\/wp-json\/wp\/v2\/pages"}],"about":[{"href":"https:\/\/vianaturaorganics.com\/es\/wp-json\/wp\/v2\/types\/page"}],"author":[{"embeddable":true,"href":"https:\/\/vianaturaorganics.com\/es\/wp-json\/wp\/v2\/users\/3"}],"replies":[{"embeddable":true,"href":"https:\/\/vianaturaorganics.com\/es\/wp-json\/wp\/v2\/comments?post=1984"}],"version-history":[{"count":2,"href":"https:\/\/vianaturaorganics.com\/es\/wp-json\/wp\/v2\/pages\/1984\/revisions"}],"predecessor-version":[{"id":1986,"href":"https:\/\/vianaturaorganics.com\/es\/wp-json\/wp\/v2\/pages\/1984\/revisions\/1986"}],"wp:attachment":[{"href":"https:\/\/vianaturaorganics.com\/es\/wp-json\/wp\/v2\/media?parent=1984"}],"curies":[{"name":"wp","href":"https:\/\/api.w.org\/{rel}","templated":true}]}}