{"id":1288,"date":"2021-05-15T19:23:01","date_gmt":"2021-05-15T19:23:01","guid":{"rendered":"https:\/\/vianaturaorganics.com\/turmeric-ginger\/"},"modified":"2023-04-25T08:56:10","modified_gmt":"2023-04-25T08:56:10","slug":"curcuma-jengibre","status":"publish","type":"page","link":"https:\/\/vianaturaorganics.com\/es\/curcuma-jengibre\/","title":{"rendered":"Curcuma y Jengibre"},"content":{"rendered":"<div class=\"vc_row wpb_row vc_row-fluid eltdf-row-type-row\" style=\"\"><div class=\"wpb_column vc_column_container vc_col-sm-6 vc_hidden-sm vc_col-xs-6 vc_hidden-xs\"><div class=\"vc_column-inner vc_custom_1679489876143\"><div class=\"wpb_wrapper\">\n\t<div class=\"wpb_text_column wpb_content_element \" >\n\t\t<div class=\"wpb_wrapper\">\n\t\t\t<h3>Turmeric &amp; Ginger Capsules <i>(Curcuma y Jengibre)<\/i><\/h3>\n\n\t\t<\/div>\n\t<\/div>\n\n\t<div class=\"wpb_text_column wpb_content_element  vc_custom_1679570312872\" >\n\t\t<div class=\"wpb_wrapper\">\n\t\t\t<ul>\n<li>Antiinflamatorio<\/li>\n<li>Fortalece las articulaciones, evitando la osteoartritis<\/li>\n<li>Ayuda a reducir niveles de colesterol y az\u00facar altos en sangre.<\/li>\n<\/ul>\n\n\t\t<\/div>\n\t<\/div>\n\n\t<div class=\"wpb_raw_code wpb_content_element wpb_raw_html\" >\n\t\t<div class=\"wpb_wrapper\">\n\t\t\t<div id='product-component-1621149513151'><\/div>\n<script type=\"text\/javascript\">\n\/*<![CDATA[*\/\n(function () {\n  var scriptURL = 'https:\/\/sdks.shopifycdn.com\/buy-button\/latest\/buy-button-storefront.min.js';\n  if (window.ShopifyBuy) {\n    if (window.ShopifyBuy.UI) {\n      ShopifyBuyInit();\n    } else {\n      loadScript();\n    }\n  } else {\n    loadScript();\n  }\n  function loadScript() {\n    var script = document.createElement('script');\n    script.async = true;\n    script.src = scriptURL;\n    (document.getElementsByTagName('head')[0] || document.getElementsByTagName('body')[0]).appendChild(script);\n    script.onload = ShopifyBuyInit;\n  }\n  function ShopifyBuyInit() {\n    var client = ShopifyBuy.buildClient({\n      domain: 'via-natura-organics.myshopify.com',\n      storefrontAccessToken: '9636417a6de29d9befd32e607f4302df',\n    });\n    ShopifyBuy.UI.onReady(client).then(function (ui) {\n      ui.createComponent('product', {\n        id: '6679993155779',\n        node: document.getElementById('product-component-1621149513151'),\n        moneyFormat: '%24%7B%7Bamount%7D%7D',\n        options: {\n  \"product\": {\n    \"styles\": {\n      \"product\": {\n        \"@media (min-width: 601px)\": {\n          \"max-width\": \"calc(25% - 20px)\",\n          \"margin-left\": \"20px\",\n          \"margin-bottom\": \"50px\"\n        }\n      },\n      \"button\": {\n        \"font-size\": \"18px\",\n        \"padding-top\": \"17px\",\n        \"padding-bottom\": \"17px\",\n        \"border-radius\": \"30px\",\n        \"padding-left\": \"40px\",\n        \"padding-right\": \"40px\",\n        \"float\": \"left\"\n      },\n      \"quantityInput\": {\n        \"font-size\": \"18px\",\n        \"padding-top\": \"17px\",\n        \"padding-bottom\": \"17px\"\n      }\n    },\n    \"contents\": {\n      \"img\": false,\n      \"title\": false,\n      \"price\": false\n    },\n    \"text\": {\n      \"button\": \"Comprar ahora en USA\",    \n \"outOfStock\": \"Muy pronto\"\n  }\n  },\n  \"productSet\": {\n    \"styles\": {\n      \"products\": {\n        \"@media (min-width: 601px)\": {\n          \"margin-left\": \"-20px\"\n        }\n      }\n    }\n  },\n  \"modalProduct\": {\n    \"contents\": {\n      \"img\": false,\n      \"imgWithCarousel\": true,\n      \"button\": false,\n      \"buttonWithQuantity\": true\n    },\n    \"styles\": {\n      \"product\": {\n        \"@media (min-width: 601px)\": {\n          \"max-width\": \"100%\",\n          \"margin-left\": \"0px\",\n          \"margin-bottom\": \"0px\"\n        }\n      },\n      \"button\": {\n        \"font-size\": \"18px\",\n        \"padding-top\": \"17px\",\n        \"padding-bottom\": \"17px\",\n        \"border-radius\": \"30px\",\n        \"padding-left\": \"40px\",\n        \"padding-right\": \"40px\",\n        \"float\": \"left\"\n      },\n      \"quantityInput\": {\n        \"font-size\": \"18px\",\n        \"padding-top\": \"17px\",\n        \"padding-bottom\": \"17px\"\n      }\n    },\n    \"text\": {\n      \"button\": \"Comprar ahora en USA\"\n    }\n  },\n  \"option\": {},\n  \"cart\": {\n    \"styles\": {\n      \"button\": {\n        \"font-size\": \"18px\",\n        \"padding-top\": \"17px\",\n        \"padding-bottom\": \"17px\",\n        \"border-radius\": \"30px\"\n      },\n      \"cart\": {\n        \"background-color\": \"#fffdfd\"\n      },\n      \"footer\": {\n        \"background-color\": \"#fffdfd\"\n      }\n    },\n    \"text\": {\n      \"total\": \"Subtotal\",\n      \"button\": \"Checkout\"\n    },\n    \"popup\": false\n  },\n  \"toggle\": {\n    \"styles\": {\n      \"count\": {\n        \"font-size\": \"18px\"\n      }\n    }\n  }\n},\n      });\n    });\n  }\n})();\n\/*]]>*\/\n<\/script>\n\t\t<\/div>\n\t<\/div>\n<div class=\"vc_row wpb_row vc_inner vc_row-fluid\"><div class=\"wpb_column vc_column_container vc_col-sm-5\"><div class=\"vc_column-inner vc_custom_1679570621833\"><div class=\"wpb_wrapper\"><div class=\"vc_btn3-container  btn_size vc_btn3-left vc_custom_1681388353339\" ><a class=\"vc_general vc_btn3 vc_btn3-size-lg vc_btn3-shape-round vc_btn3-style-modern vc_btn3-color-warning\" href=\"https:\/\/www.amazon.com\/Supplement-Anti-Inflammatory-Via-Natura-Organics\/dp\/B096NGMNMG\" title=\"\" target=\"_blank\">Comprar en Amazon<\/a><\/div><\/div><\/div><\/div><div class=\"wpb_column vc_column_container vc_col-sm-5\"><div class=\"vc_column-inner vc_custom_1679570640209\"><div class=\"wpb_wrapper\"><div class=\"vc_btn3-container  btn_size vc_btn3-left vc_custom_1679570668001\" ><a class=\"vc_general vc_btn3 vc_btn3-size-lg vc_btn3-shape-round vc_btn3-style-modern vc_btn3-color-warning\" href=\"https:\/\/www.walmart.com\/ip\/Turmeric-Ginger-Capsules-1000mg-Organic-Herbal-Supplement-Anti-Inflammatory-Promotes-Healthy-Digestion-120-Via-Natura-Organics\/263535435\" title=\"\" target=\"_blank\">Comprar en Walmart<\/a><\/div><\/div><\/div><\/div><\/div><\/div><\/div><\/div><div class=\"wpb_column vc_column_container vc_col-sm-6 vc_hidden-sm vc_col-xs-6 vc_hidden-xs\"><div class=\"vc_column-inner\"><div class=\"wpb_wrapper\">\n\t<div  class=\"wpb_single_image wpb_content_element vc_align_left\">\n\t\t\n\t\t<figure class=\"wpb_wrapper vc_figure\">\n\t\t\t<div class=\"vc_single_image-wrapper   vc_box_border_grey\"><img loading=\"lazy\" decoding=\"async\" width=\"2000\" height=\"2000\" src=\"https:\/\/vianaturaorganics.com\/wp-content\/uploads\/2021\/05\/Turmeric-Ginger-Capsules-Mockup.jpeg\" class=\"vc_single_image-img attachment-full\" alt=\"\" srcset=\"https:\/\/vianaturaorganics.com\/wp-content\/uploads\/2021\/05\/Turmeric-Ginger-Capsules-Mockup.jpeg 2000w, https:\/\/vianaturaorganics.com\/wp-content\/uploads\/2021\/05\/Turmeric-Ginger-Capsules-Mockup-300x300.jpeg 300w, https:\/\/vianaturaorganics.com\/wp-content\/uploads\/2021\/05\/Turmeric-Ginger-Capsules-Mockup-100x100.jpeg 100w, https:\/\/vianaturaorganics.com\/wp-content\/uploads\/2021\/05\/Turmeric-Ginger-Capsules-Mockup-600x600.jpeg 600w, https:\/\/vianaturaorganics.com\/wp-content\/uploads\/2021\/05\/Turmeric-Ginger-Capsules-Mockup-1024x1024.jpeg 1024w, https:\/\/vianaturaorganics.com\/wp-content\/uploads\/2021\/05\/Turmeric-Ginger-Capsules-Mockup-150x150.jpeg 150w, https:\/\/vianaturaorganics.com\/wp-content\/uploads\/2021\/05\/Turmeric-Ginger-Capsules-Mockup-768x768.jpeg 768w, https:\/\/vianaturaorganics.com\/wp-content\/uploads\/2021\/05\/Turmeric-Ginger-Capsules-Mockup-1536x1536.jpeg 1536w, https:\/\/vianaturaorganics.com\/wp-content\/uploads\/2021\/05\/Turmeric-Ginger-Capsules-Mockup-550x550.jpeg 550w\" sizes=\"auto, (max-width: 2000px) 100vw, 2000px\" \/><\/div>\n\t\t<\/figure>\n\t<\/div>\n<\/div><\/div><\/div><\/div><div class=\"vc_row wpb_row vc_row-fluid eltdf-row-type-row\" style=\"\"><div class=\"wpb_column vc_column_container vc_col-sm-6 vc_hidden-lg vc_hidden-md\"><div class=\"vc_column-inner vc_custom_1620077916967\"><div class=\"wpb_wrapper\">\n\t<div class=\"wpb_text_column wpb_content_element \" >\n\t\t<div class=\"wpb_wrapper\">\n\t\t\t<h3 class=\"titleh\">Turmeric &amp; Ginger Capsules <i>(Curcuma y Jengibre)<\/i><\/h3>\n\n\t\t<\/div>\n\t<\/div>\n\n\t<div class=\"wpb_text_column wpb_content_element  vc_custom_1679570324654\" >\n\t\t<div class=\"wpb_wrapper\">\n\t\t\t<ul>\n<li>Antiinflamatorio<\/li>\n<li>Fortalece las articulaciones, evitando la osteoartritis<\/li>\n<li>Ayuda a reducir niveles de colesterol y az\u00facar altos en sangre.<\/li>\n<\/ul>\n\n\t\t<\/div>\n\t<\/div>\n\n\t<div class=\"wpb_raw_code wpb_content_element wpb_raw_html\" >\n\t\t<div class=\"wpb_wrapper\">\n\t\t\t<div id='product-component-16211495131511'><\/div>\n<script type=\"text\/javascript\">\n\/*<![CDATA[*\/\n(function () {\n  var scriptURL = 'https:\/\/sdks.shopifycdn.com\/buy-button\/latest\/buy-button-storefront.min.js';\n  if (window.ShopifyBuy) {\n    if (window.ShopifyBuy.UI) {\n      ShopifyBuyInit();\n    } else {\n      loadScript();\n    }\n  } else {\n    loadScript();\n  }\n  function loadScript() {\n    var script = document.createElement('script');\n    script.async = true;\n    script.src = scriptURL;\n    (document.getElementsByTagName('head')[0] || document.getElementsByTagName('body')[0]).appendChild(script);\n    script.onload = ShopifyBuyInit;\n  }\n  function ShopifyBuyInit() {\n    var client = ShopifyBuy.buildClient({\n      domain: 'via-natura-organics.myshopify.com',\n      storefrontAccessToken: '9636417a6de29d9befd32e607f4302df',\n    });\n    ShopifyBuy.UI.onReady(client).then(function (ui) {\n      ui.createComponent('product', {\n        id: '6679993155779',\n        node: document.getElementById('product-component-16211495131511'),\n        moneyFormat: '%24%7B%7Bamount%7D%7D',\n        options: {\n  \"product\": {\n    \"styles\": {\n      \"product\": {\n        \"@media (min-width: 601px)\": {\n          \"max-width\": \"calc(25% - 20px)\",\n          \"margin-left\": \"20px\",\n          \"margin-bottom\": \"50px\"\n        }\n      },\n      \"button\": {\n        \"font-size\": \"18px\",\n        \"padding-top\": \"17px\",\n        \"padding-bottom\": \"17px\",\n        \"border-radius\": \"30px\",\n        \"padding-left\": \"40px\",\n        \"padding-right\": \"40px\",\n        \"float\": \"left\"\n      },\n      \"quantityInput\": {\n        \"font-size\": \"18px\",\n        \"padding-top\": \"17px\",\n        \"padding-bottom\": \"17px\"\n      }\n    },\n    \"contents\": {\n      \"img\": false,\n      \"title\": false,\n      \"price\": false\n    },\n    \"text\": {\n      \"button\": \"Comprar ahora en USA\",    \n \"outOfStock\": \"Muy pronto\"\n  }\n  },\n  \"productSet\": {\n    \"styles\": {\n      \"products\": {\n        \"@media (min-width: 601px)\": {\n          \"margin-left\": \"-20px\"\n        }\n      }\n    }\n  },\n  \"modalProduct\": {\n    \"contents\": {\n      \"img\": false,\n      \"imgWithCarousel\": true,\n      \"button\": false,\n      \"buttonWithQuantity\": true\n    },\n    \"styles\": {\n      \"product\": {\n        \"@media (min-width: 601px)\": {\n          \"max-width\": \"100%\",\n          \"margin-left\": \"0px\",\n          \"margin-bottom\": \"0px\"\n        }\n      },\n      \"button\": {\n        \"font-size\": \"18px\",\n        \"padding-top\": \"17px\",\n        \"padding-bottom\": \"17px\",\n        \"border-radius\": \"30px\",\n        \"padding-left\": \"40px\",\n        \"padding-right\": \"40px\",\n        \"float\": \"left\"\n      },\n      \"quantityInput\": {\n        \"font-size\": \"18px\",\n        \"padding-top\": \"17px\",\n        \"padding-bottom\": \"17px\"\n      }\n    },\n    \"text\": {\n      \"button\": \"Comprar ahora en USA\"\n    }\n  },\n  \"option\": {},\n  \"cart\": {\n    \"styles\": {\n      \"button\": {\n        \"font-size\": \"18px\",\n        \"padding-top\": \"17px\",\n        \"padding-bottom\": \"17px\",\n        \"border-radius\": \"30px\"\n      },\n      \"cart\": {\n        \"background-color\": \"#fffdfd\"\n      },\n      \"footer\": {\n        \"background-color\": \"#fffdfd\"\n      }\n    },\n    \"text\": {\n      \"total\": \"Subtotal\",\n      \"button\": \"Checkout\"\n    },\n    \"popup\": false\n  },\n  \"toggle\": {\n    \"styles\": {\n      \"count\": {\n        \"font-size\": \"18px\"\n      }\n    }\n  }\n},\n      });\n    });\n  }\n})();\n\/*]]>*\/\n<\/script>\n\t\t<\/div>\n\t<\/div>\n<div class=\"vc_row wpb_row vc_inner vc_row-fluid\"><div class=\"wpb_column vc_column_container vc_col-sm-6\" id=\"mobile_btn\"><div class=\"vc_column-inner vc_custom_1679570763247\"><div class=\"wpb_wrapper\"><div class=\"vc_btn3-container vc_btn3-inline\" ><a class=\"vc_general vc_btn3 vc_btn3-size-lg vc_btn3-shape-round vc_btn3-style-modern vc_btn3-color-warning\" href=\"https:\/\/www.amazon.com\/Supplement-Anti-Inflammatory-Via-Natura-Organics\/dp\/B096NGMNMG\" title=\"\" target=\"_blank\">Comprar en Amazon<\/a><\/div><\/div><\/div><\/div><div class=\"wpb_column vc_column_container vc_col-sm-6\" id=\"mobile_btn\"><div class=\"vc_column-inner vc_custom_1679570784391\"><div class=\"wpb_wrapper\"><div class=\"vc_btn3-container vc_btn3-left\" ><a class=\"vc_general vc_btn3 vc_btn3-size-lg vc_btn3-shape-round vc_btn3-style-modern vc_btn3-color-warning\" href=\"https:\/\/www.walmart.com\/ip\/Turmeric-Ginger-Capsules-1000mg-Organic-Herbal-Supplement-Anti-Inflammatory-Promotes-Healthy-Digestion-120-Via-Natura-Organics\/263535435\" title=\"\" target=\"_blank\">Comprar en Walmart<\/a><\/div><\/div><\/div><\/div><\/div><\/div><\/div><\/div><div class=\"wpb_column vc_column_container vc_col-sm-6 vc_hidden-lg vc_hidden-md\"><div class=\"vc_column-inner vc_custom_1620077926761\"><div class=\"wpb_wrapper\">\n\t<div  class=\"wpb_single_image wpb_content_element vc_align_left\">\n\t\t\n\t\t<figure class=\"wpb_wrapper vc_figure\">\n\t\t\t<div class=\"vc_single_image-wrapper   vc_box_border_grey\"><img loading=\"lazy\" decoding=\"async\" width=\"2000\" height=\"2000\" src=\"https:\/\/vianaturaorganics.com\/wp-content\/uploads\/2021\/05\/Turmeric-Ginger-Capsules-Mockup.jpeg\" class=\"vc_single_image-img attachment-full\" alt=\"\" srcset=\"https:\/\/vianaturaorganics.com\/wp-content\/uploads\/2021\/05\/Turmeric-Ginger-Capsules-Mockup.jpeg 2000w, https:\/\/vianaturaorganics.com\/wp-content\/uploads\/2021\/05\/Turmeric-Ginger-Capsules-Mockup-300x300.jpeg 300w, https:\/\/vianaturaorganics.com\/wp-content\/uploads\/2021\/05\/Turmeric-Ginger-Capsules-Mockup-100x100.jpeg 100w, https:\/\/vianaturaorganics.com\/wp-content\/uploads\/2021\/05\/Turmeric-Ginger-Capsules-Mockup-600x600.jpeg 600w, https:\/\/vianaturaorganics.com\/wp-content\/uploads\/2021\/05\/Turmeric-Ginger-Capsules-Mockup-1024x1024.jpeg 1024w, https:\/\/vianaturaorganics.com\/wp-content\/uploads\/2021\/05\/Turmeric-Ginger-Capsules-Mockup-150x150.jpeg 150w, https:\/\/vianaturaorganics.com\/wp-content\/uploads\/2021\/05\/Turmeric-Ginger-Capsules-Mockup-768x768.jpeg 768w, https:\/\/vianaturaorganics.com\/wp-content\/uploads\/2021\/05\/Turmeric-Ginger-Capsules-Mockup-1536x1536.jpeg 1536w, https:\/\/vianaturaorganics.com\/wp-content\/uploads\/2021\/05\/Turmeric-Ginger-Capsules-Mockup-550x550.jpeg 550w\" sizes=\"auto, (max-width: 2000px) 100vw, 2000px\" \/><\/div>\n\t\t<\/figure>\n\t<\/div>\n<\/div><\/div><\/div><\/div><div class=\"vc_row wpb_row vc_row-fluid eltdf-row-type-row\" style=\"\"><div class=\"wpb_column vc_column_container vc_col-sm-4\"><div class=\"vc_column-inner\"><div class=\"wpb_wrapper\"><\/div><\/div><\/div><div class=\"wpb_column vc_column_container vc_col-sm-4\"><div class=\"vc_column-inner vc_custom_1620753967738\"><div class=\"wpb_wrapper\"><h2 style=\"text-align: left;font-family:Signika;font-weight:700;font-style:normal\" class=\"vc_custom_heading price_hide vc_custom_1679476203091\" >$13.80<\/h2><\/div><\/div><\/div><div class=\"wpb_column vc_column_container vc_col-sm-4\"><div class=\"vc_column-inner\"><div class=\"wpb_wrapper\"><\/div><\/div><\/div><\/div><div class=\"vc_row wpb_row vc_row-fluid eltdf-row-type-row\" style=\"\"><div class=\"wpb_column vc_column_container vc_col-sm-6 vc_hidden-sm vc_hidden-xs\"><div class=\"vc_column-inner\"><div class=\"wpb_wrapper\">\n\t<div  class=\"wpb_single_image wpb_content_element vc_align_left\">\n\t\t\n\t\t<figure class=\"wpb_wrapper vc_figure\">\n\t\t\t<div class=\"vc_single_image-wrapper   vc_box_border_grey\"><img loading=\"lazy\" decoding=\"async\" data-vc-zoom=\"https:\/\/vianaturaorganics.com\/wp-content\/uploads\/2021\/05\/turm-1024x612.jpg\" width=\"1338\" height=\"800\" src=\"https:\/\/vianaturaorganics.com\/wp-content\/uploads\/2021\/05\/turm.jpg\" class=\"vc_single_image-img attachment-full\" alt=\"\" srcset=\"https:\/\/vianaturaorganics.com\/wp-content\/uploads\/2021\/05\/turm.jpg 1338w, https:\/\/vianaturaorganics.com\/wp-content\/uploads\/2021\/05\/turm-600x359.jpg 600w, https:\/\/vianaturaorganics.com\/wp-content\/uploads\/2021\/05\/turm-300x179.jpg 300w, https:\/\/vianaturaorganics.com\/wp-content\/uploads\/2021\/05\/turm-1024x612.jpg 1024w, https:\/\/vianaturaorganics.com\/wp-content\/uploads\/2021\/05\/turm-768x459.jpg 768w\" sizes=\"auto, (max-width: 1338px) 100vw, 1338px\" \/><\/div>\n\t\t<\/figure>\n\t<\/div>\n<\/div><\/div><\/div><div class=\"wpb_column vc_column_container vc_col-sm-6 vc_hidden-sm vc_hidden-xs\"><div class=\"vc_column-inner vc_custom_1621018210652\"><div class=\"wpb_wrapper\"><div class=\"eltdf-section-title-holder\" style=\"text-align: left\">\n\t\t\t<h3 class=\"eltdf-st-title\" >\n\t\t\t<span>Beneficios de Curcuma y Jengibre<\/span>\n\t\t<\/h3>\n\t\t<\/div>\n\t<div class=\"wpb_text_column wpb_content_element \" >\n\t\t<div class=\"wpb_wrapper\">\n\t\t\t<p>El jengibre y la c\u00farcuma son dos de las especies m\u00e1s utilizadas en el mundo, y tambi\u00e9n son conocidas por su excelente valor medicinal para el cuerpo humano. Esta mezcla puede ayudar a reducir los dolores en las articulaciones, estimular su sistema inmunol\u00f3gico, ayudar a mejorar y estabilizar su estado de \u00e1nimo, y tambi\u00e9n tiene excelentes propiedades antioxidantes y antiinflamatorias.<\/p>\n\n\t\t<\/div>\n\t<\/div>\n<\/div><\/div><\/div><\/div><div class=\"vc_row wpb_row vc_row-fluid eltdf-row-type-row\" style=\"\"><div class=\"wpb_column vc_column_container vc_col-sm-6 vc_hidden-lg vc_hidden-md\"><div class=\"vc_column-inner\"><div class=\"wpb_wrapper\"><div class=\"eltdf-section-title-holder\" style=\"text-align: center\">\n\t\t\t<h3 class=\"eltdf-st-title\" >\n\t\t\t<span>Beneficios de Curcuma y Jengibre<\/span>\n\t\t<\/h3>\n\t\t<\/div>\n\t<div class=\"wpb_text_column wpb_content_element \" >\n\t\t<div class=\"wpb_wrapper\">\n\t\t\t<p>El jengibre y la c\u00farcuma son dos de las especies m\u00e1s utilizadas en el mundo, y tambi\u00e9n son conocidas por su excelente valor medicinal para el cuerpo humano. Esta mezcla puede ayudar a reducir los dolores en las articulaciones, estimular su sistema inmunol\u00f3gico, ayudar a mejorar y estabilizar su estado de \u00e1nimo, y tambi\u00e9n tiene excelentes propiedades antioxidantes y antiinflamatorias.<\/p>\n\n\t\t<\/div>\n\t<\/div>\n<\/div><\/div><\/div><div class=\"wpb_column vc_column_container vc_col-sm-6 vc_hidden-lg vc_hidden-md\"><div class=\"vc_column-inner vc_custom_1620077481331\"><div class=\"wpb_wrapper\">\n\t<div  class=\"wpb_single_image wpb_content_element vc_align_left\">\n\t\t\n\t\t<figure class=\"wpb_wrapper vc_figure\">\n\t\t\t<div class=\"vc_single_image-wrapper   vc_box_border_grey\"><img loading=\"lazy\" decoding=\"async\" data-vc-zoom=\"https:\/\/vianaturaorganics.com\/wp-content\/uploads\/2021\/05\/turm-1024x612.jpg\" width=\"1338\" height=\"800\" src=\"https:\/\/vianaturaorganics.com\/wp-content\/uploads\/2021\/05\/turm.jpg\" class=\"vc_single_image-img attachment-full\" alt=\"\" srcset=\"https:\/\/vianaturaorganics.com\/wp-content\/uploads\/2021\/05\/turm.jpg 1338w, https:\/\/vianaturaorganics.com\/wp-content\/uploads\/2021\/05\/turm-600x359.jpg 600w, https:\/\/vianaturaorganics.com\/wp-content\/uploads\/2021\/05\/turm-300x179.jpg 300w, https:\/\/vianaturaorganics.com\/wp-content\/uploads\/2021\/05\/turm-1024x612.jpg 1024w, https:\/\/vianaturaorganics.com\/wp-content\/uploads\/2021\/05\/turm-768x459.jpg 768w\" sizes=\"auto, (max-width: 1338px) 100vw, 1338px\" \/><\/div>\n\t\t<\/figure>\n\t<\/div>\n<\/div><\/div><\/div><\/div><div class=\"vc_row wpb_row vc_row-fluid eltdf-row-type-row\" style=\"\"><div class=\"wpb_column vc_column_container vc_col-sm-12\"><div class=\"vc_column-inner\"><div class=\"wpb_wrapper\"><h3 style=\"text-align: center;font-family:Signika;font-weight:400;font-style:normal\" class=\"vc_custom_heading\" >Consultar otros productos<\/h3><div class=\"woocommerce columns-4 \"><ul class=\"products columns-4\">\n<li class=\"post-1414 product type-product status-publish has-post-thumbnail product_cat-vitaminas-y-suplementos first instock featured shipping-taxable product-type-external\">\n\t<div class=\"eltdf-pl-inner\"><div class=\"eltdf-pl-image\"><img loading=\"lazy\" decoding=\"async\" width=\"300\" height=\"300\" src=\"https:\/\/vianaturaorganics.com\/wp-content\/uploads\/2021\/05\/Ashwagandha-Capsules-Mockup-300x300.jpeg\" class=\"attachment-woocommerce_thumbnail size-woocommerce_thumbnail\" alt=\"Ashwagandha\" srcset=\"https:\/\/vianaturaorganics.com\/wp-content\/uploads\/2021\/05\/Ashwagandha-Capsules-Mockup-300x300.jpeg 300w, https:\/\/vianaturaorganics.com\/wp-content\/uploads\/2021\/05\/Ashwagandha-Capsules-Mockup-100x100.jpeg 100w, https:\/\/vianaturaorganics.com\/wp-content\/uploads\/2021\/05\/Ashwagandha-Capsules-Mockup-600x600.jpeg 600w, https:\/\/vianaturaorganics.com\/wp-content\/uploads\/2021\/05\/Ashwagandha-Capsules-Mockup-1024x1024.jpeg 1024w, https:\/\/vianaturaorganics.com\/wp-content\/uploads\/2021\/05\/Ashwagandha-Capsules-Mockup-150x150.jpeg 150w, https:\/\/vianaturaorganics.com\/wp-content\/uploads\/2021\/05\/Ashwagandha-Capsules-Mockup-768x768.jpeg 768w, https:\/\/vianaturaorganics.com\/wp-content\/uploads\/2021\/05\/Ashwagandha-Capsules-Mockup-1536x1536.jpeg 1536w, https:\/\/vianaturaorganics.com\/wp-content\/uploads\/2021\/05\/Ashwagandha-Capsules-Mockup-550x550.jpeg 550w\" sizes=\"auto, (max-width: 300px) 100vw, 300px\" \/><div class=\"eltdf-pl-text\"><div class=\"eltdf-pl-text-outer\"><div class=\"eltdf-pl-text-inner\"><a href=\"https:\/\/vianaturaorganics.com\/es\/ashwagandha\/\" aria-describedby=\"woocommerce_loop_add_to_cart_link_describedby_1414\" data-quantity=\"1\" class=\"button product_type_external\" data-product_id=\"1414\" data-product_sku=\"\" aria-label=\"Detalles de producto\" rel=\"nofollow\" data-product_price=\"\" data-product_name=\"Ashwagandha\" data-google_product_id=\"\">Detalles de producto<\/a>\t<span id=\"woocommerce_loop_add_to_cart_link_describedby_1414\" class=\"screen-reader-text\">\n\t\t\t<\/span>\n<\/div><\/div><\/div><\/div><a href=\"https:\/\/vianaturaorganics.com\/es\/product\/ashwagandha\/\" class=\"woocommerce-LoopProduct-link woocommerce-loop-product__link\"><\/a><\/div><div class=\"eltdf-pl-text-wrapper\"><h4 class=\"eltdf-product-list-title\"><a href=\"https:\/\/vianaturaorganics.com\/es\/product\/ashwagandha\/\">Ashwagandha<\/a><\/h4>\n<\/div><\/li><li class=\"post-1421 product type-product status-publish has-post-thumbnail product_cat-vitaminas-y-suplementos  instock featured shipping-taxable product-type-external\">\n\t<div class=\"eltdf-pl-inner\"><div class=\"eltdf-pl-image\"><img loading=\"lazy\" decoding=\"async\" width=\"300\" height=\"300\" src=\"https:\/\/vianaturaorganics.com\/wp-content\/uploads\/2021\/05\/Elderberry-Capsules-Mockup-300x300.jpeg\" class=\"attachment-woocommerce_thumbnail size-woocommerce_thumbnail\" alt=\"Sauco Negro\" srcset=\"https:\/\/vianaturaorganics.com\/wp-content\/uploads\/2021\/05\/Elderberry-Capsules-Mockup-300x300.jpeg 300w, https:\/\/vianaturaorganics.com\/wp-content\/uploads\/2021\/05\/Elderberry-Capsules-Mockup-100x100.jpeg 100w, https:\/\/vianaturaorganics.com\/wp-content\/uploads\/2021\/05\/Elderberry-Capsules-Mockup-600x600.jpeg 600w, https:\/\/vianaturaorganics.com\/wp-content\/uploads\/2021\/05\/Elderberry-Capsules-Mockup-1024x1024.jpeg 1024w, https:\/\/vianaturaorganics.com\/wp-content\/uploads\/2021\/05\/Elderberry-Capsules-Mockup-150x150.jpeg 150w, https:\/\/vianaturaorganics.com\/wp-content\/uploads\/2021\/05\/Elderberry-Capsules-Mockup-768x768.jpeg 768w, https:\/\/vianaturaorganics.com\/wp-content\/uploads\/2021\/05\/Elderberry-Capsules-Mockup-1536x1536.jpeg 1536w, https:\/\/vianaturaorganics.com\/wp-content\/uploads\/2021\/05\/Elderberry-Capsules-Mockup-550x550.jpeg 550w\" sizes=\"auto, (max-width: 300px) 100vw, 300px\" \/><div class=\"eltdf-pl-text\"><div class=\"eltdf-pl-text-outer\"><div class=\"eltdf-pl-text-inner\"><a href=\"https:\/\/vianaturaorganics.com\/es\/sauco-negro\/\" aria-describedby=\"woocommerce_loop_add_to_cart_link_describedby_1421\" data-quantity=\"1\" class=\"button product_type_external\" data-product_id=\"1421\" data-product_sku=\"\" aria-label=\"Detalles de producto\" rel=\"nofollow\" data-product_price=\"\" data-product_name=\"Sauco Negro\" data-google_product_id=\"\">Detalles de producto<\/a>\t<span id=\"woocommerce_loop_add_to_cart_link_describedby_1421\" class=\"screen-reader-text\">\n\t\t\t<\/span>\n<\/div><\/div><\/div><\/div><a href=\"https:\/\/vianaturaorganics.com\/es\/product\/sauco-negro\/\" class=\"woocommerce-LoopProduct-link woocommerce-loop-product__link\"><\/a><\/div><div class=\"eltdf-pl-text-wrapper\"><h4 class=\"eltdf-product-list-title\"><a href=\"https:\/\/vianaturaorganics.com\/es\/product\/sauco-negro\/\">Sauco Negro<\/a><\/h4>\n<\/div><\/li><\/ul>\n<\/div><\/div><\/div><\/div><\/div>\n","protected":false},"excerpt":{"rendered":"Turmeric &amp; Ginger Capsules (Curcuma y Jengibre) Antiinflamatorio Fortalece las articulaciones, evitando la osteoartritis Ayuda a reducir niveles de colesterol y az\u00facar altos en sangre. Comprar en AmazonComprar en Walmart Turmeric &amp; Ginger Capsules (Curcuma y Jengibre) Antiinflamatorio Fortalece las articulaciones, evitando la osteoartritis Ayuda [...]","protected":false},"author":1,"featured_media":0,"parent":0,"menu_order":0,"comment_status":"closed","ping_status":"closed","template":"","meta":{"footnotes":""},"class_list":["post-1288","page","type-page","status-publish","hentry"],"_links":{"self":[{"href":"https:\/\/vianaturaorganics.com\/es\/wp-json\/wp\/v2\/pages\/1288","targetHints":{"allow":["GET"]}}],"collection":[{"href":"https:\/\/vianaturaorganics.com\/es\/wp-json\/wp\/v2\/pages"}],"about":[{"href":"https:\/\/vianaturaorganics.com\/es\/wp-json\/wp\/v2\/types\/page"}],"author":[{"embeddable":true,"href":"https:\/\/vianaturaorganics.com\/es\/wp-json\/wp\/v2\/users\/1"}],"replies":[{"embeddable":true,"href":"https:\/\/vianaturaorganics.com\/es\/wp-json\/wp\/v2\/comments?post=1288"}],"version-history":[{"count":10,"href":"https:\/\/vianaturaorganics.com\/es\/wp-json\/wp\/v2\/pages\/1288\/revisions"}],"predecessor-version":[{"id":1291,"href":"https:\/\/vianaturaorganics.com\/es\/wp-json\/wp\/v2\/pages\/1288\/revisions\/1291"}],"wp:attachment":[{"href":"https:\/\/vianaturaorganics.com\/es\/wp-json\/wp\/v2\/media?parent=1288"}],"curies":[{"name":"wp","href":"https:\/\/api.w.org\/{rel}","templated":true}]}}