{"id":1206,"date":"2021-04-22T19:49:34","date_gmt":"2021-04-22T19:49:34","guid":{"rendered":"https:\/\/vianaturaorganics.com\/our-vision\/"},"modified":"2023-03-24T11:55:36","modified_gmt":"2023-03-24T11:55:36","slug":"vision","status":"publish","type":"page","link":"https:\/\/vianaturaorganics.com\/es\/vision\/","title":{"rendered":"Vision"},"content":{"rendered":"<div class=\"vc_row wpb_row vc_row-fluid eltdf-row-type-row\" style=\"\"><div class=\"wpb_column vc_column_container vc_col-sm-12\"><div class=\"vc_column-inner\"><div class=\"wpb_wrapper\">\n\t\t\t<!-- START Portfolio Home Slider 1 1 Spanish REVOLUTION SLIDER 6.6.7 --><p class=\"rs-p-wp-fix\"><\/p>\n\t\t\t<rs-module-wrap id=\"rev_slider_6_1_wrapper\" data-source=\"gallery\" style=\"visibility:hidden;background:transparent;padding:0;margin:0px auto;margin-top:0;margin-bottom:0;\">\n\t\t\t\t<rs-module id=\"rev_slider_6_1\" style=\"\" data-version=\"6.6.7\">\n\t\t\t\t\t<rs-slides style=\"overflow: hidden; position: absolute;\">\n\t\t\t\t\t\t<rs-slide style=\"position: absolute;\" data-key=\"rs-23\" data-title=\"Slide\" data-anim=\"adpr:false;\" data-in=\"o:0;\" data-out=\"a:false;\">\n\t\t\t\t\t\t\t<img decoding=\"async\" src=\"\/\/vianaturaorganics.com\/wp-content\/plugins\/revslider\/public\/assets\/assets\/dummy.png\" alt=\"\" title=\"Happy,Family,Running,With,Their,Dog,Outdoors\" width=\"1166\" height=\"826\" class=\"rev-slidebg tp-rs-img rs-lazyload\" data-lazyload=\"\/\/vianaturaorganics.com\/wp-content\/uploads\/2021\/04\/Our-Vision-page-re.jpg\" data-bg=\"p:center top;\" data-parallax=\"off\" data-no-retina>\n<!---->\t\t\t\t\t\t<\/rs-slide>\n\t\t\t\t\t<\/rs-slides>\n\t\t\t\t<\/rs-module>\n\t\t\t\t<script>\n\t\t\t\t\tsetREVStartSize({c: 'rev_slider_6_1',rl:[1240,1024,778,480],el:[700,600,940,320],gw:[1300,800,778,480],gh:[700,600,940,320],type:'standard',justify:'',layout:'fullwidth',mh:\"0\"});if (window.RS_MODULES!==undefined && window.RS_MODULES.modules!==undefined && window.RS_MODULES.modules[\"revslider61\"]!==undefined) {window.RS_MODULES.modules[\"revslider61\"].once = false;window.revapi6 = undefined;if (window.RS_MODULES.checkMinimal!==undefined) window.RS_MODULES.checkMinimal()}\n\t\t\t\t<\/script>\n\t\t\t<\/rs-module-wrap>\n\t\t\t<!-- END REVOLUTION SLIDER -->\n<\/div><\/div><\/div><\/div><div class=\"vc_row wpb_row vc_row-fluid eltdf-row-type-row\" style=\"\"><div class=\"wpb_column vc_column_container vc_col-sm-12 vc_hidden-sm vc_hidden-xs\"><div class=\"vc_column-inner\"><div class=\"wpb_wrapper\"><div class=\"vc_empty_space\"   style=\"height: 50px\"><span class=\"vc_empty_space_inner\"><\/span><\/div><h2 style=\"font-size: 55px;color: #3d3d3d;line-height: 65px;text-align: center;font-family:Signika;font-weight:400;font-style:normal\" class=\"vc_custom_heading\" >VISION<\/h2>\n\t<div  class=\"wpb_single_image wpb_content_element vc_align_center\">\n\t\t\n\t\t<figure class=\"wpb_wrapper vc_figure\">\n\t\t\t<div class=\"vc_single_image-wrapper   vc_box_border_grey\"><img loading=\"lazy\" decoding=\"async\" class=\"vc_single_image-img \" src=\"https:\/\/vianaturaorganics.com\/wp-content\/uploads\/2021\/04\/Via-Logo-Border-50x50.png\" width=\"50\" height=\"50\" alt=\"Via-Logo-Border\" title=\"Via-Logo-Border\" \/><\/div>\n\t\t<\/figure>\n\t<\/div>\n\n\t<div class=\"wpb_text_column wpb_content_element  vc_custom_1679555685306\" >\n\t\t<div class=\"wpb_wrapper\">\n\t\t\t<p>Creemos que es necesario incorporar m\u00e1s productos naturales en la alimentaci\u00f3n, esta comprensi\u00f3n nos ha hecho asumir la responsabilidad de obtener los productos necesarios para ayudarlo con esas elecciones: Vivir una vida conscientemente saludable.<\/p>\n<p>Nuestra visi\u00f3n es asegurarnos de que m\u00e1s personas se den cuenta de los incre\u00edbles beneficios que la naturaleza ya ha creado para nosotros, difundiendo el mensaje de los regalos de la naturaleza, llegando al mundo, un producto org\u00e1nico a la vez.<\/p>\n\n\t\t<\/div>\n\t<\/div>\n<\/div><\/div><\/div><\/div><div class=\"vc_row wpb_row vc_row-fluid eltdf-row-type-row\" style=\"\"><div class=\"wpb_column vc_column_container vc_col-sm-12 vc_hidden-lg vc_hidden-md\"><div class=\"vc_column-inner\"><div class=\"wpb_wrapper\"><div class=\"vc_empty_space\"   style=\"height: 50px\"><span class=\"vc_empty_space_inner\"><\/span><\/div><h2 style=\"font-size: 55px;color: #3d3d3d;line-height: 65px;text-align: center;font-family:Signika;font-weight:400;font-style:normal\" class=\"vc_custom_heading\" >VISION<\/h2>\n\t<div  class=\"wpb_single_image wpb_content_element vc_align_center\">\n\t\t\n\t\t<figure class=\"wpb_wrapper vc_figure\">\n\t\t\t<div class=\"vc_single_image-wrapper   vc_box_border_grey\"><img loading=\"lazy\" decoding=\"async\" class=\"vc_single_image-img \" src=\"https:\/\/vianaturaorganics.com\/wp-content\/uploads\/2021\/04\/Via-Logo-Border-50x50.png\" width=\"50\" height=\"50\" alt=\"Via-Logo-Border\" title=\"Via-Logo-Border\" \/><\/div>\n\t\t<\/figure>\n\t<\/div>\n\n\t<div class=\"wpb_text_column wpb_content_element \" >\n\t\t<div class=\"wpb_wrapper\">\n\t\t\t<p>Creemos que es necesario incorporar m\u00e1s productos naturales en la alimentaci\u00f3n, esta comprensi\u00f3n nos ha hecho asumir la responsabilidad de obtener los productos necesarios para ayudarlo con esas elecciones: Vivir una vida conscientemente saludable.<\/p>\n<p>Nuestra visi\u00f3n es asegurarnos de que m\u00e1s personas se den cuenta de los incre\u00edbles beneficios que la naturaleza ya ha creado para nosotros, difundiendo el mensaje de los regalos de la naturaleza, llegando al mundo, un producto org\u00e1nico a la vez.<\/p>\n\n\t\t<\/div>\n\t<\/div>\n<\/div><\/div><\/div><\/div>\n","protected":false},"excerpt":{"rendered":"VISION Creemos que es necesario incorporar m\u00e1s productos naturales en la alimentaci\u00f3n, esta comprensi\u00f3n nos ha hecho asumir la responsabilidad de obtener los productos necesarios para ayudarlo con esas elecciones: Vivir una vida conscientemente saludable. Nuestra visi\u00f3n es asegurarnos de que m\u00e1s personas se den [...]","protected":false},"author":1,"featured_media":0,"parent":0,"menu_order":0,"comment_status":"closed","ping_status":"closed","template":"","meta":{"footnotes":""},"class_list":["post-1206","page","type-page","status-publish","hentry"],"_links":{"self":[{"href":"https:\/\/vianaturaorganics.com\/es\/wp-json\/wp\/v2\/pages\/1206","targetHints":{"allow":["GET"]}}],"collection":[{"href":"https:\/\/vianaturaorganics.com\/es\/wp-json\/wp\/v2\/pages"}],"about":[{"href":"https:\/\/vianaturaorganics.com\/es\/wp-json\/wp\/v2\/types\/page"}],"author":[{"embeddable":true,"href":"https:\/\/vianaturaorganics.com\/es\/wp-json\/wp\/v2\/users\/1"}],"replies":[{"embeddable":true,"href":"https:\/\/vianaturaorganics.com\/es\/wp-json\/wp\/v2\/comments?post=1206"}],"version-history":[{"count":9,"href":"https:\/\/vianaturaorganics.com\/es\/wp-json\/wp\/v2\/pages\/1206\/revisions"}],"predecessor-version":[{"id":1493,"href":"https:\/\/vianaturaorganics.com\/es\/wp-json\/wp\/v2\/pages\/1206\/revisions\/1493"}],"wp:attachment":[{"href":"https:\/\/vianaturaorganics.com\/es\/wp-json\/wp\/v2\/media?parent=1206"}],"curies":[{"name":"wp","href":"https:\/\/api.w.org\/{rel}","templated":true}]}}