{"id":1195,"date":"2021-04-22T19:47:00","date_gmt":"2021-04-22T19:47:00","guid":{"rendered":"https:\/\/vianaturaorganics.com\/about-us\/"},"modified":"2023-04-13T10:30:34","modified_gmt":"2023-04-13T10:30:34","slug":"nosotros","status":"publish","type":"page","link":"https:\/\/vianaturaorganics.com\/es\/nosotros\/","title":{"rendered":"Nosotros"},"content":{"rendered":"<section class=\"vc_section\"><div class=\"vc_row wpb_row vc_row-fluid eltdf-row-type-row\" style=\"\"><div class=\"wpb_column vc_column_container vc_col-sm-12\"><div class=\"vc_column-inner\"><div class=\"wpb_wrapper\">\n\t\t\t<!-- START Portfolio Home Slider 1 Spanish REVOLUTION SLIDER 6.6.7 --><p class=\"rs-p-wp-fix\"><\/p>\n\t\t\t<rs-module-wrap id=\"rev_slider_5_1_wrapper\" data-source=\"gallery\" style=\"visibility:hidden;background:transparent;padding:0;margin:0px auto;margin-top:0;margin-bottom:0;\">\n\t\t\t\t<rs-module id=\"rev_slider_5_1\" style=\"\" data-version=\"6.6.7\">\n\t\t\t\t\t<rs-slides style=\"overflow: hidden; position: absolute;\">\n\t\t\t\t\t\t<rs-slide style=\"position: absolute;\" data-key=\"rs-21\" data-title=\"Slide\" data-anim=\"adpr:false;\" data-in=\"o:0;\" data-out=\"a:false;\">\n\t\t\t\t\t\t\t<img decoding=\"async\" src=\"\/\/vianaturaorganics.com\/wp-content\/plugins\/revslider\/public\/assets\/assets\/dummy.png\" alt=\"\" title=\"Sign,With,Healthy,Life,Text,On,Green,Forest.\" width=\"1320\" height=\"880\" class=\"rev-slidebg tp-rs-img rs-lazyload\" data-lazyload=\"\/\/vianaturaorganics.com\/wp-content\/uploads\/2021\/04\/About-US-final.jpg\" data-parallax=\"off\" data-no-retina>\n<!--\n\t\t\t\t\t\t\t--><rs-layer\n\t\t\t\t\t\t\t\tid=\"slider-5-slide-21-layer-1\" \n\t\t\t\t\t\t\t\tdata-type=\"text\"\n\t\t\t\t\t\t\t\tdata-rsp_ch=\"on\"\n\t\t\t\t\t\t\t\tdata-xy=\"x:c,c,l,c;xo:-58px,0,188px,-30px;y:m;yo:87px,69px,-253px,-2px;\"\n\t\t\t\t\t\t\t\tdata-text=\"w:normal;s:66,45,45,50;l:74,80,80,60;fw:700;a:center,inherit,inherit,inherit;\"\n\t\t\t\t\t\t\t\tdata-dim=\"w:1158,703px,743px,374px;\"\n\t\t\t\t\t\t\t\tdata-basealign=\"slide\"\n\t\t\t\t\t\t\t\tdata-padding=\"r:0,0,0,10;l:0,0,0,10;\"\n\t\t\t\t\t\t\t\tdata-frame_0=\"x:47px;\"\n\t\t\t\t\t\t\t\tdata-frame_1=\"e:power1.in;st:300;sp:500;sR:300;\"\n\t\t\t\t\t\t\t\tdata-frame_999=\"o:0;st:w;sR:3200;\"\n\t\t\t\t\t\t\t\tstyle=\"z-index:5;background-color:rgba(12,12,12,0.6);font-family:'Signika';\"\n\t\t\t\t\t\t\t>LE TRAEMOS LOS REGALOS DE LA NATURALEZA\n \n\t\t\t\t\t\t\t<\/rs-layer><!--\n-->\t\t\t\t\t\t<\/rs-slide>\n\t\t\t\t\t\t<rs-slide style=\"position: absolute;\" data-key=\"rs-22\" data-title=\"Slide\" data-anim=\"adpr:false;\" data-in=\"o:0;\" data-out=\"a:false;\">\n\t\t\t\t\t\t\t<img decoding=\"async\" src=\"\/\/vianaturaorganics.com\/wp-content\/plugins\/revslider\/public\/assets\/assets\/dummy.png\" alt=\"\" title=\"Woman,Smiling,Arms,Raised,Up,To,Blue,Sky,,Celebrating,Freedom.\" width=\"1200\" height=\"858\" class=\"rev-slidebg tp-rs-img rs-lazyload\" data-lazyload=\"\/\/vianaturaorganics.com\/wp-content\/uploads\/2021\/04\/About-US-3-resize.jpg\" data-parallax=\"off\" data-no-retina>\n<!--\n\t\t\t\t\t\t\t--><rs-layer\n\t\t\t\t\t\t\t\tid=\"slider-5-slide-22-layer-0\" \n\t\t\t\t\t\t\t\tdata-type=\"text\"\n\t\t\t\t\t\t\t\tdata-color=\"#003166\"\n\t\t\t\t\t\t\t\tdata-rsp_ch=\"on\"\n\t\t\t\t\t\t\t\tdata-xy=\"xo:399px,245px,238px,146px;yo:132px,81px,78px,48px;\"\n\t\t\t\t\t\t\t\tdata-text=\"w:normal;s:40,24,23,14;l:50,30,29,17;fw:700;\"\n\t\t\t\t\t\t\t\tdata-dim=\"w:632px,388px,377px,232px;minh:0px,none,none,none;\"\n\t\t\t\t\t\t\t\tdata-frame_999=\"o:0;st:w;\"\n\t\t\t\t\t\t\t\tstyle=\"z-index:5;font-family:'Signika';text-transform:uppercase;\"\n\t\t\t\t\t\t\t>Somos firmes creyentes en los innumerables beneficios de los dones que nos brinda la naturaleza<br \/>\n \n\t\t\t\t\t\t\t<\/rs-layer><!--\n-->\t\t\t\t\t\t<\/rs-slide>\n\t\t\t\t\t<\/rs-slides>\n\t\t\t\t<\/rs-module>\n\t\t\t\t<script>\n\t\t\t\t\tsetREVStartSize({c: 'rev_slider_5_1',rl:[1240,1024,778,480],el:[700,600,940,300],gw:[1300,800,778,480],gh:[700,600,940,300],type:'standard',justify:'',layout:'fullwidth',mh:\"0\"});if (window.RS_MODULES!==undefined && window.RS_MODULES.modules!==undefined && window.RS_MODULES.modules[\"revslider51\"]!==undefined) {window.RS_MODULES.modules[\"revslider51\"].once = false;window.revapi5 = undefined;if (window.RS_MODULES.checkMinimal!==undefined) window.RS_MODULES.checkMinimal()}\n\t\t\t\t<\/script>\n\t\t\t<\/rs-module-wrap>\n\t\t\t<!-- END REVOLUTION SLIDER -->\n<\/div><\/div><\/div><\/div><div class=\"vc_row wpb_row vc_row-fluid eltdf-row-type-row\" style=\"\"><div class=\"wpb_column vc_column_container vc_col-sm-12\"><div class=\"vc_column-inner\"><div class=\"wpb_wrapper\"><h2 style=\"font-size: 55px;color: #2e2e30;line-height: 65px;text-align: center;font-family:Signika;font-weight:400;font-style:normal\" class=\"vc_custom_heading\" >Nosotros<\/h2><\/div><\/div><\/div><\/div><div class=\"vc_row wpb_row vc_row-fluid eltdf-row-type-row\" style=\"\"><div class=\"wpb_column vc_column_container vc_col-sm-12\"><div class=\"vc_column-inner\"><div class=\"wpb_wrapper\">\n\t<div  class=\"wpb_single_image wpb_content_element vc_align_center  vc_custom_1619271238673\">\n\t\t\n\t\t<figure class=\"wpb_wrapper vc_figure\">\n\t\t\t<div class=\"vc_single_image-wrapper   vc_box_border_grey\"><img loading=\"lazy\" decoding=\"async\" class=\"vc_single_image-img \" src=\"https:\/\/vianaturaorganics.com\/wp-content\/uploads\/2021\/04\/Via-Logo-Border-50x50.png\" width=\"50\" height=\"50\" alt=\"Via-Logo-Border\" title=\"Via-Logo-Border\" \/><\/div>\n\t\t<\/figure>\n\t<\/div>\n<\/div><\/div><\/div><\/div><div class=\"vc_row wpb_row vc_row-fluid eltdf-row-type-row\" style=\"\"><div class=\"wpb_column vc_column_container vc_col-sm-2 vc_col-xs-12\"><div class=\"vc_column-inner\"><div class=\"wpb_wrapper\"><\/div><\/div><\/div><div class=\"wpb_column vc_column_container vc_col-sm-8\"><div class=\"vc_column-inner vc_custom_1619819231613\"><div class=\"wpb_wrapper\">\n\t<div class=\"wpb_text_column wpb_content_element  vc_custom_1679658289386\" id=\"about_content\">\n\t\t<div class=\"wpb_wrapper\">\n\t\t\t<p>Via Natura Organics se dedica a brindarle lo mejor de los regalos de la naturaleza org\u00e1nica, sana, y deliciosa! Somos firmes creyentes en los innumerables beneficios que brinda la naturaleza, la misma historia relata que las antiguas generaciones como: China hasta Egipto, el Medio Oriente y los pueblos originarios siempre se han rebuscado en la naturaleza para alimentarse y curarse.<\/p>\n\n\t\t<\/div>\n\t<\/div>\n<\/div><\/div><\/div><div class=\"wpb_column vc_column_container vc_col-sm-2\"><div class=\"vc_column-inner\"><div class=\"wpb_wrapper\"><\/div><\/div><\/div><\/div><\/section><div id=\"about_section\" class=\"vc_row wpb_row vc_row-fluid eltdf-row-type-row\" style=\"\"><div class=\"wpb_column vc_column_container vc_col-sm-6\"><div class=\"vc_column-inner\"><div class=\"wpb_wrapper\">\n\t<div  class=\"wpb_single_image wpb_content_element vc_align_left\">\n\t\t\n\t\t<figure class=\"wpb_wrapper vc_figure\">\n\t\t\t<div class=\"vc_single_image-wrapper   vc_box_border_grey\"><img loading=\"lazy\" decoding=\"async\" width=\"720\" height=\"479\" src=\"https:\/\/vianaturaorganics.com\/wp-content\/uploads\/2021\/04\/Sun-standing-girl.jpg\" class=\"vc_single_image-img attachment-large\" alt=\"\" srcset=\"https:\/\/vianaturaorganics.com\/wp-content\/uploads\/2021\/04\/Sun-standing-girl.jpg 720w, https:\/\/vianaturaorganics.com\/wp-content\/uploads\/2021\/04\/Sun-standing-girl-600x399.jpg 600w, https:\/\/vianaturaorganics.com\/wp-content\/uploads\/2021\/04\/Sun-standing-girl-300x200.jpg 300w\" sizes=\"auto, (max-width: 720px) 100vw, 720px\" \/><\/div>\n\t\t<\/figure>\n\t<\/div>\n<\/div><\/div><\/div><div class=\"wpb_column vc_column_container vc_col-sm-6\"><div class=\"vc_column-inner vc_custom_1620149777568\"><div class=\"wpb_wrapper\"><h2 style=\"font-size: 55px;color: #2e2e30;line-height: 55px;text-align: left;font-family:Signika;font-weight:400;font-style:normal\" class=\"vc_custom_heading vc_custom_1679554987089\" >En Via Natura Organics queremos ayudarte a volver a disfrutar de los regalos de la naturaleza.<\/h2>\n\t<div class=\"wpb_text_column wpb_content_element \" id=\"about_content\">\n\t\t<div class=\"wpb_wrapper\">\n\t\t\t<p>Nuestros productos provienen 100 % de la naturaleza. Desde la India hasta Am\u00e9rica del Sur, \u00c1frica y los Estados Unidos, siempre respetando los cultivos y el equilibrio natural.<\/p>\n\n\t\t<\/div>\n\t<\/div>\n\n\t<div class=\"wpb_text_column wpb_content_element \" id=\"about_content\">\n\t\t<div class=\"wpb_wrapper\">\n\t\t\t<p>Nuestros productos son org\u00e1nicos a base de plantas y no tienen rastro de nada modificado gen\u00e9ticamente. Creemos en la autenticidad de los dones de la naturaleza, y es esta autenticidad la que te traemos a trav\u00e9s de Via Natura Organics.<\/p>\n\n\t\t<\/div>\n\t<\/div>\n\n\t<div class=\"wpb_text_column wpb_content_element \" id=\"about_content\">\n\t\t<div class=\"wpb_wrapper\">\n\t\t\t<p>Cada uno de estos productos est\u00e1 empaquetado en los Estados Unidos, con amor, cuidado y pensando en usted. Queremos que seas m\u00e1s saludable, y lo estamos haciendo con nuestra peque\u00f1a manera al llevarte los regalos de la naturaleza.<\/p>\n\n\t\t<\/div>\n\t<\/div>\n<\/div><\/div><\/div><\/div>\n","protected":false},"excerpt":{"rendered":"LE TRAEMOS LOS REGALOS DE LA NATURALEZA Somos firmes creyentes en los innumerables beneficios de los dones que nos brinda la naturaleza Nosotros Via Natura Organics se dedica a brindarle lo mejor de los regalos de la naturaleza org\u00e1nica, sana, y deliciosa! Somos firmes creyentes [...]","protected":false},"author":1,"featured_media":0,"parent":0,"menu_order":0,"comment_status":"closed","ping_status":"closed","template":"full-width.php","meta":{"footnotes":""},"class_list":["post-1195","page","type-page","status-publish","hentry"],"_links":{"self":[{"href":"https:\/\/vianaturaorganics.com\/es\/wp-json\/wp\/v2\/pages\/1195","targetHints":{"allow":["GET"]}}],"collection":[{"href":"https:\/\/vianaturaorganics.com\/es\/wp-json\/wp\/v2\/pages"}],"about":[{"href":"https:\/\/vianaturaorganics.com\/es\/wp-json\/wp\/v2\/types\/page"}],"author":[{"embeddable":true,"href":"https:\/\/vianaturaorganics.com\/es\/wp-json\/wp\/v2\/users\/1"}],"replies":[{"embeddable":true,"href":"https:\/\/vianaturaorganics.com\/es\/wp-json\/wp\/v2\/comments?post=1195"}],"version-history":[{"count":10,"href":"https:\/\/vianaturaorganics.com\/es\/wp-json\/wp\/v2\/pages\/1195\/revisions"}],"predecessor-version":[{"id":1659,"href":"https:\/\/vianaturaorganics.com\/es\/wp-json\/wp\/v2\/pages\/1195\/revisions\/1659"}],"wp:attachment":[{"href":"https:\/\/vianaturaorganics.com\/es\/wp-json\/wp\/v2\/media?parent=1195"}],"curies":[{"name":"wp","href":"https:\/\/api.w.org\/{rel}","templated":true}]}}